{"id":2044,"date":"2018-09-27T19:32:54","date_gmt":"2018-09-27T17:32:54","guid":{"rendered":"http:\/\/www.forw-log.com\/forw-log-servizi\/"},"modified":"2018-10-01T10:24:43","modified_gmt":"2018-10-01T08:24:43","slug":"forw-log-servizi","status":"publish","type":"page","link":"https:\/\/www.forw-log.com\/fr\/forw-log-servizi\/","title":{"rendered":"Services"},"content":{"rendered":"<p>[vc_row full_width=\u00a0\u00bbstretch_row\u00a0\u00bb css_animation=\u00a0\u00bbfadeIn\u00a0\u00bb css=\u00a0\u00bb.vc_custom_1537947782437{padding-top: 30px !important;padding-bottom: 0px !important;background-color: #f0f0f0 !important;}\u00a0\u00bb][vc_column css=\u00a0\u00bb.vc_custom_1508682303495{padding-bottom: 25px !important;}\u00a0\u00bb][cms_custom_heading add_border=\u00a0\u00bb1&Prime; element_tag=\u00a0\u00bbH3&Prime; title=\u00a0\u00bbSERVICES\u00a0\u00bb][\/vc_column][\/vc_row][vc_row css_animation=\u00a0\u00bbfadeInDown\u00a0\u00bb css=\u00a0\u00bb.vc_custom_1522465803167{margin-bottom: 15px !important;padding-top: 45px !important;}\u00a0\u00bb][vc_column width=\u00a0\u00bb1\/3&Prime; css=\u00a0\u00bb.vc_custom_1508555782010{margin-bottom: 30px !important;}\u00a0\u00bb][cms_fancybox_single fancy_style=\u00a0\u00bbstyle-1&Prime; title_item=\u00a0\u00bbMER\u00a0\u00bb box_shadow=\u00a0\u00bbtrue\u00a0\u00bb button_text=\u00a0\u00bbRead More\u00a0\u00bb cms_template=\u00a0\u00bbcms_fancybox_single.php\u00a0\u00bb image=\u00a0\u00bb1746&Prime; link=\u00a0\u00bburl:http%3A%2F%2Fwww.forw-log.com%2Ffr%2Fmare%2F|title:Plus%20d%E2%80%98informations||\u00a0\u00bb description_item=\u00a0\u00bbNous exp\u00e9dions tous les types de marchandises par l&rsquo;interm\u00e9diaire de compagnies maritimes &#8230;\u00a0\u00bb][\/vc_column][vc_column width=\u00a0\u00bb1\/3&Prime; css=\u00a0\u00bb.vc_custom_1508555789869{margin-bottom: 30px !important;}\u00a0\u00bb][cms_fancybox_single fancy_style=\u00a0\u00bbstyle-1&Prime; title_item=\u00a0\u00bbAIR\u00a0\u00bb box_shadow=\u00a0\u00bbtrue\u00a0\u00bb button_text=\u00a0\u00bbRead More\u00a0\u00bb cms_template=\u00a0\u00bbcms_fancybox_single.php\u00a0\u00bb image=\u00a0\u00bb1752&Prime; link=\u00a0\u00bburl:http%3A%2F%2Fwww.forw-log.com%2Ffr%2Faereo%2F|title:Plus%20d%E2%80%98informations||\u00a0\u00bb description_item=\u00a0\u00bbNous avons la possibilit\u00e9 de choisir entre la multiplicit\u00e9 des compagnies a\u00e9riennes et des milliers de vols quotidiens &#8230;\u00a0\u00bb][\/vc_column][vc_column width=\u00a0\u00bb1\/3&Prime; css=\u00a0\u00bb.vc_custom_1508555797067{margin-bottom: 30px !important;}\u00a0\u00bb][cms_fancybox_single fancy_style=\u00a0\u00bbstyle-1&Prime; title_item=\u00a0\u00bbTERRE\u00a0\u00bb box_shadow=\u00a0\u00bbtrue\u00a0\u00bb button_text=\u00a0\u00bbRead More\u00a0\u00bb cms_template=\u00a0\u00bbcms_fancybox_single.php\u00a0\u00bb description_item=\u00a0\u00bbNous nous sp\u00e9cialisons dans le service de groupage avec livraison DDP et DDU avec des d\u00e9parts deux &#8230;\u00a0\u00bb image=\u00a0\u00bb1764&Prime; link=\u00a0\u00bburl:http%3A%2F%2Fwww.forw-log.com%2Ffr%2Fterra%2F|title:Plus%20d%E2%80%98informations||\u00a0\u00bb][\/vc_column][\/vc_row][vc_row css_animation=\u00a0\u00bbfadeInDown\u00a0\u00bb css=\u00a0\u00bb.vc_custom_1522465803167{margin-bottom: 15px !important;padding-top: 45px !important;}\u00a0\u00bb][vc_column width=\u00a0\u00bb1\/3&Prime; css=\u00a0\u00bb.vc_custom_1508555782010{margin-bottom: 30px !important;}\u00a0\u00bb][cms_fancybox_single fancy_style=\u00a0\u00bbstyle-1&Prime; title_item=\u00a0\u00bbLOGISTIQUE\u00a0\u00bb box_shadow=\u00a0\u00bbtrue\u00a0\u00bb button_text=\u00a0\u00bbRead More\u00a0\u00bb cms_template=\u00a0\u00bbcms_fancybox_single.php\u00a0\u00bb image=\u00a0\u00bb1760&Prime; link=\u00a0\u00bburl:http%3A%2F%2Fwww.forw-log.com%2Ffr%2Flogistica%2F|title:Plus%20d%E2%80%98informations||\u00a0\u00bb description_item=\u00a0\u00bbDepuis notre plateforme logistique, \u00e0 Campogalliano, nous avons le plaisir de vous offrir de nombreux services &#8230;\u00a0\u00bb][\/vc_column][vc_column width=\u00a0\u00bb1\/3&Prime; css=\u00a0\u00bb.vc_custom_1508555789869{margin-bottom: 30px !important;}\u00a0\u00bb][cms_fancybox_single fancy_style=\u00a0\u00bbstyle-1&Prime; title_item=\u00a0\u00bbASSURANCE DES MARCHANDISES\u00a0\u00bb box_shadow=\u00a0\u00bbtrue\u00a0\u00bb button_text=\u00a0\u00bbRead More\u00a0\u00bb cms_template=\u00a0\u00bbcms_fancybox_single.php\u00a0\u00bb link=\u00a0\u00bburl:http%3A%2F%2Fwww.forw-log.com%2Ffr%2Fassicurazione-merci%2F|title:Plus%20d%E2%80%98informations||\u00a0\u00bb image=\u00a0\u00bb1769&Prime; description_item=\u00a0\u00bbNous faisons appel \u00e0 des cabinets de courtage exp\u00e9riment\u00e9s sp\u00e9cialis\u00e9s &#8230;\u00a0\u00bb][\/vc_column][vc_column width=\u00a0\u00bb1\/3&Prime; css=\u00a0\u00bb.vc_custom_1508555797067{margin-bottom: 30px !important;}\u00a0\u00bb][\/vc_column][\/vc_row][vc_row full_width=\u00a0\u00bbstretch_row\u00a0\u00bb css_animation=\u00a0\u00bbfadeIn\u00a0\u00bb overlay_opacity=\u00a0\u00bbtrue\u00a0\u00bb css=\u00a0\u00bb.vc_custom_1538034204084{padding-top: 50px !important;padding-bottom: 65px !important;background: rgba(0,0,0,0.7) url(http:\/\/www.forw-log.com\/wp-content\/uploads\/2018\/09\/FORWARDING-SERVICE.jpg?id=1682) !important;background-position: center !important;background-repeat: no-repeat !important;background-size: cover !important;*background-color: rgb(0,0,0) !important;}\u00a0\u00bb][vc_column][vc_row_inner][vc_column_inner][vc_custom_heading text=\u00a0\u00bbDEMANDE UNE COTATION OU DES INFORMATIONS SUR NOTRES SERVICES\u00a0\u00bb font_container=\u00a0\u00bbtag:h3|text_align:left|color:%23ffffff\u00a0\u00bb use_theme_fonts=\u00a0\u00bbyes\u00a0\u00bb css=\u00a0\u00bb.vc_custom_1538381021173{margin-bottom: 15px !important;}\u00a0\u00bb][vc_column_text]<\/p>\n<p style=\"text-align: left;\">Est-ce que vous desiderez recevoir informations d\u2019un de notres conseillers d\u2019 entreprise?<br \/>\nIl suffit d\u2019 envoyer tes donn\u00e9es e nous nous mettons en contact avec toi des que possibile.<\/p>\n<p>[\/vc_column_text]<div role=\"form\" class=\"wpcf7\" id=\"wpcf7-f1988-o1\" lang=\"it-IT\" dir=\"ltr\">\n<div class=\"screen-reader-response\"><p role=\"status\" aria-live=\"polite\" aria-atomic=\"true\"><\/p> <ul><\/ul><\/div>\n<form action=\"\/fr\/wp-json\/wp\/v2\/pages\/2044#wpcf7-f1988-o1\" method=\"post\" class=\"wpcf7-form init\" novalidate=\"novalidate\" data-status=\"init\">\n<div style=\"display: none;\">\n<input type=\"hidden\" name=\"_wpcf7\" value=\"1988\" \/>\n<input type=\"hidden\" name=\"_wpcf7_version\" value=\"5.6.4\" \/>\n<input type=\"hidden\" name=\"_wpcf7_locale\" value=\"it_IT\" \/>\n<input type=\"hidden\" name=\"_wpcf7_unit_tag\" value=\"wpcf7-f1988-o1\" \/>\n<input type=\"hidden\" name=\"_wpcf7_container_post\" value=\"0\" \/>\n<input type=\"hidden\" name=\"_wpcf7_posted_data_hash\" value=\"\" \/>\n<input type=\"hidden\" name=\"_wpcf7_recaptcha_response\" value=\"\" \/>\n<\/div>\n<div class=\"contact-form\">\n<div class=\"row\">\n<div class=\"col-xs-12 col-sm-6 col-md-6 col-lg-6\">\n<p><span class=\"wpcf7-form-control-wrap\" data-name=\"your-name\"><input type=\"text\" name=\"your-name\" value=\"\" size=\"40\" class=\"wpcf7-form-control wpcf7-text wpcf7-validates-as-required form-control\" aria-required=\"true\" aria-invalid=\"false\" placeholder=\"Nom\" \/><\/span> <\/p>\n<p><span class=\"wpcf7-form-control-wrap\" data-name=\"your-email\"><input type=\"email\" name=\"your-email\" value=\"\" size=\"40\" class=\"wpcf7-form-control wpcf7-text wpcf7-email wpcf7-validates-as-required wpcf7-validates-as-email form-control\" aria-required=\"true\" aria-invalid=\"false\" placeholder=\"E-mail\" \/><\/span><\/p>\n<p><span class=\"wpcf7-form-control-wrap\" data-name=\"url\"><input type=\"text\" name=\"url\" value=\"\" size=\"40\" class=\"wpcf7-form-control wpcf7-text form-control\" aria-invalid=\"false\" placeholder=\"T\u00e9l\u00e9phone\" \/><\/span><\/p>\n<\/div>\n<div class=\"col-xs-12 col-sm-6 col-md-6 col-lg-6\">\n<p><span class=\"wpcf7-form-control-wrap\" data-name=\"your-message\"><textarea name=\"your-message\" cols=\"100\" rows=\"6\" class=\"wpcf7-form-control wpcf7-textarea wpcf7-validates-as-required form-control\" aria-required=\"true\" aria-invalid=\"false\" placeholder=\"Demande\"><\/textarea><\/span><\/p>\n<\/div>\n<div class=\"col-xs-12 col-sm-12 col-md-12 col-lg-12\">\n<p><span class=\"wpcf7-form-control-wrap\" data-name=\"acceptance-196\"><span class=\"wpcf7-form-control wpcf7-acceptance\"><span class=\"wpcf7-list-item\"><label><input type=\"checkbox\" name=\"acceptance-196\" value=\"1\" aria-invalid=\"false\" \/><span class=\"wpcf7-list-item-label\"><a href=\"..\/policy\"> Je donne mon accord du traitment de mes donn\u00e9es personnelles. Lis l\u2019 accord informative.<\/a><\/span><\/label><\/span><\/span><\/span><\/p>\n<p class=\"btn-send\"><input type=\"submit\" value=\"Envoye ton demande\" class=\"wpcf7-form-control has-spinner wpcf7-submit btn btn-primary\" \/><\/p>\n<\/div>\n<\/div>\n<\/div>\n<div class=\"wpcf7-response-output\" aria-hidden=\"true\"><\/div><\/form><\/div>[\/vc_column_inner][\/vc_row_inner][\/vc_column][\/vc_row]<\/p>\n","protected":false},"excerpt":{"rendered":"<p>[vc_row full_width=\u00a0\u00bbstretch_row\u00a0\u00bb css_animation=\u00a0\u00bbfadeIn\u00a0\u00bb css=\u00a0\u00bb.vc_custom_1537947782437{padding-top: 30px !important;padding-bottom: 0px !important;background-color: #f0f0f0 !important;}\u00a0\u00bb][vc_column css=\u00a0\u00bb.vc_custom_1508682303495{padding-bottom: 25px !important;}\u00a0\u00bb][cms_custom_heading add_border=\u00a0\u00bb1&Prime; element_tag=\u00a0\u00bbH3&Prime; title=\u00a0\u00bbSERVICES\u00a0\u00bb][\/vc_column][\/vc_row][vc_row css_animation=\u00a0\u00bbfadeInDown\u00a0\u00bb css=\u00a0\u00bb.vc_custom_1522465803167{margin-bottom: 15px !important;padding-top: 45px !important;}\u00a0\u00bb][vc_column width=\u00a0\u00bb1\/3&Prime; css=\u00a0\u00bb.vc_custom_1508555782010{margin-bottom: 30px !important;}\u00a0\u00bb][cms_fancybox_single fancy_style=\u00a0\u00bbstyle-1&Prime; title_item=\u00a0\u00bbMER\u00a0\u00bb box_shadow=\u00a0\u00bbtrue\u00a0\u00bb button_text=\u00a0\u00bbRead More\u00a0\u00bb cms_template=\u00a0\u00bbcms_fancybox_single.php\u00a0\u00bb image=\u00a0\u00bb1746&Prime; link=\u00a0\u00bburl:http%3A%2F%2Fwww.forw-log.com%2Ffr%2Fmare%2F|title:Plus%20d%E2%80%98informations||\u00a0\u00bb description_item=\u00a0\u00bbNous exp\u00e9dions tous les types de marchandises par l&rsquo;interm\u00e9diaire de compagnies maritimes &#8230;\u00a0\u00bb][\/vc_column][vc_column width=\u00a0\u00bb1\/3&Prime; css=\u00a0\u00bb.vc_custom_1508555789869{margin-bottom: 30px !important;}\u00a0\u00bb][cms_fancybox_single fancy_style=\u00a0\u00bbstyle-1&Prime; title_item=\u00a0\u00bbAIR\u00a0\u00bb box_shadow=\u00a0\u00bbtrue\u00a0\u00bb button_text=\u00a0\u00bbRead<\/p>\n","protected":false},"author":1,"featured_media":0,"parent":0,"menu_order":0,"comment_status":"closed","ping_status":"closed","template":"","meta":[],"_links":{"self":[{"href":"https:\/\/www.forw-log.com\/fr\/wp-json\/wp\/v2\/pages\/2044"}],"collection":[{"href":"https:\/\/www.forw-log.com\/fr\/wp-json\/wp\/v2\/pages"}],"about":[{"href":"https:\/\/www.forw-log.com\/fr\/wp-json\/wp\/v2\/types\/page"}],"author":[{"embeddable":true,"href":"https:\/\/www.forw-log.com\/fr\/wp-json\/wp\/v2\/users\/1"}],"replies":[{"embeddable":true,"href":"https:\/\/www.forw-log.com\/fr\/wp-json\/wp\/v2\/comments?post=2044"}],"version-history":[{"count":4,"href":"https:\/\/www.forw-log.com\/fr\/wp-json\/wp\/v2\/pages\/2044\/revisions"}],"predecessor-version":[{"id":2068,"href":"https:\/\/www.forw-log.com\/fr\/wp-json\/wp\/v2\/pages\/2044\/revisions\/2068"}],"wp:attachment":[{"href":"https:\/\/www.forw-log.com\/fr\/wp-json\/wp\/v2\/media?parent=2044"}],"curies":[{"name":"wp","href":"https:\/\/api.w.org\/{rel}","templated":true}]}}