{"id":2011,"date":"2018-09-27T16:16:35","date_gmt":"2018-09-27T14:16:35","guid":{"rendered":"http:\/\/www.forw-log.com\/terra\/"},"modified":"2018-11-02T12:00:53","modified_gmt":"2018-11-02T11:00:53","slug":"terra","status":"publish","type":"page","link":"https:\/\/www.forw-log.com\/fr\/terra\/","title":{"rendered":"Terre"},"content":{"rendered":"<p>[vc_row][vc_column][rev_slider_vc alias=\u00a0\u00bbterra\u00a0\u00bb][\/vc_column][\/vc_row][vc_row full_width=\u00a0\u00bbstretch_row\u00a0\u00bb css_animation=\u00a0\u00bbfadeIn\u00a0\u00bb css=\u00a0\u00bb.vc_custom_1522461421304{padding-top: 60px !important;background-color: #f5f5f5 !important;}\u00a0\u00bb][vc_column offset=\u00a0\u00bbvc_col-lg-8&Prime; css=\u00a0\u00bb.vc_custom_1522315152358{margin-bottom: 30px !important;}\u00a0\u00bb][cms_custom_heading add_border=\u00a0\u00bb1&Prime; element_tag=\u00a0\u00bbH1&Prime; ttext-align=\u00a0\u00bbtext-left\u00a0\u00bb title=\u00a0\u00bbLIVRAISONS PAR TERRE\u00a0\u00bb css=\u00a0\u00bb.vc_custom_1538379899490{margin-bottom: 20px !important;}\u00a0\u00bb][\/vc_column][\/vc_row][vc_row full_width=\u00a0\u00bbstretch_row\u00a0\u00bb css_animation=\u00a0\u00bbfadeIn\u00a0\u00bb css=\u00a0\u00bb.vc_custom_1522461431146{padding-bottom: 50px !important;background-color: #f5f5f5 !important;}\u00a0\u00bb][vc_column width=\u00a0\u00bb2\/3&Prime; css=\u00a0\u00bb.vc_custom_1522307815818{margin-bottom: 30px !important;}\u00a0\u00bb][vc_row_inner][vc_column_inner][cms_fancybox_single fancy_style=\u00a0\u00bbstyle-2&Prime; icon_fontawesome=\u00a0\u00bbfa fa-truck\u00a0\u00bb title_item=\u00a0\u00bbGROUPAGE AVEC LIVRAISON DDP ET DDU\u00a0\u00bb icon_left=\u00a0\u00bb1&Prime; description_item=\u00a0\u00bbNous nous sp\u00e9cialisons dans le service de groupage avec livraison DDP et DDU avec des d\u00e9parts deux fois par semaine de notre plateforme logistique, \u00e0 Campogalliano, et des camions DDP et DDU complets pour la F\u00e9d\u00e9ration de Russie \u00e0 travers notre soci\u00e9t\u00e9 Russia Forwarding (http:\/\/www.russiaforwarding.com\/), avec locuteurs natifs dans nos bureaux en Italie et en F\u00e9d\u00e9ration de Russie.\u00a0\u00bb][\/vc_column_inner][\/vc_row_inner][vc_single_image image=\u00a0\u00bb1808&Prime; img_size=\u00a0\u00bbfull\u00a0\u00bb onclick=\u00a0\u00bbcustom_link\u00a0\u00bb img_link_target=\u00a0\u00bb_blank\u00a0\u00bb link=\u00a0\u00bbhttp:\/\/www.russiaforwarding.com\/\u00a0\u00bb][\/vc_column][vc_column width=\u00a0\u00bb1\/3&Prime;][vc_single_image image=\u00a0\u00bb1764&Prime; img_size=\u00a0\u00bblarge\u00a0\u00bb css_animation=\u00a0\u00bbfadeInRight\u00a0\u00bb css=\u00a0\u00bb.vc_custom_1538057601409{margin-bottom: 0px !important;}\u00a0\u00bb][\/vc_column][\/vc_row][vc_row][vc_column][vc_cta h2=\u00a0\u00bbDemande une cotation ou des informations sur notres services\u00a0\u00bb style=\u00a0\u00bbcustom\u00a0\u00bb add_button=\u00a0\u00bbright\u00a0\u00bb btn_title=\u00a0\u00bbCONTACTEZ-NOUS\u00a0\u00bb custom_background=\u00a0\u00bb#006db7&Prime; custom_text=\u00a0\u00bb#ffffff\u00a0\u00bb btn_link=\u00a0\u00bburl:http%3A%2F%2Fwww.forw-log.com%2Ffr%2Fcontatta-forwarding-logistic%2F|||\u00a0\u00bb][\/vc_cta][\/vc_column][\/vc_row][vc_row css_animation=\u00a0\u00bbfadeIn\u00a0\u00bb css=\u00a0\u00bb.vc_custom_1522461447776{padding-top: 60px !important;}\u00a0\u00bb][vc_column][vc_row_inner][vc_column_inner offset=\u00a0\u00bbvc_col-lg-offset-2 vc_col-lg-8&Prime; css=\u00a0\u00bb.vc_custom_1522314123795{margin-bottom: 20px !important;}\u00a0\u00bb][cms_custom_heading add_border=\u00a0\u00bb1&Prime; element_tag=\u00a0\u00bbH1&Prime; title=\u00a0\u00bbACTUALIT\u00c9S\u00a0\u00bb css=\u00a0\u00bb.vc_custom_1538379218455{margin-bottom: 20px !important;}\u00a0\u00bb][\/vc_column_inner][\/vc_row_inner][vc_row_inner][vc_column_inner][cms_carousel xsmall_items=\u00a0\u00bb1&Prime; small_items=\u00a0\u00bb2&Prime; medium_items=\u00a0\u00bb3&Prime; large_items=\u00a0\u00bb3&Prime; margin=\u00a0\u00bb30&Prime; nav=\u00a0\u00bbfalse\u00a0\u00bb dots=\u00a0\u00bbfalse\u00a0\u00bb source=\u00a0\u00bbsize:10|order_by:date|post_type:post\u00a0\u00bb cms_template=\u00a0\u00bbcms_carousel.php\u00a0\u00bb][\/vc_column_inner][\/vc_row_inner][\/vc_column][\/vc_row]<\/p>\n","protected":false},"excerpt":{"rendered":"<p>[vc_row][vc_column][rev_slider_vc alias=\u00a0\u00bbterra\u00a0\u00bb][\/vc_column][\/vc_row][vc_row full_width=\u00a0\u00bbstretch_row\u00a0\u00bb css_animation=\u00a0\u00bbfadeIn\u00a0\u00bb css=\u00a0\u00bb.vc_custom_1522461421304{padding-top: 60px !important;background-color: #f5f5f5 !important;}\u00a0\u00bb][vc_column offset=\u00a0\u00bbvc_col-lg-8&Prime; css=\u00a0\u00bb.vc_custom_1522315152358{margin-bottom: 30px !important;}\u00a0\u00bb][cms_custom_heading add_border=\u00a0\u00bb1&Prime; element_tag=\u00a0\u00bbH1&Prime; ttext-align=\u00a0\u00bbtext-left\u00a0\u00bb title=\u00a0\u00bbLIVRAISONS PAR TERRE\u00a0\u00bb css=\u00a0\u00bb.vc_custom_1538379899490{margin-bottom: 20px !important;}\u00a0\u00bb][\/vc_column][\/vc_row][vc_row full_width=\u00a0\u00bbstretch_row\u00a0\u00bb css_animation=\u00a0\u00bbfadeIn\u00a0\u00bb css=\u00a0\u00bb.vc_custom_1522461431146{padding-bottom: 50px !important;background-color: #f5f5f5 !important;}\u00a0\u00bb][vc_column width=\u00a0\u00bb2\/3&Prime; css=\u00a0\u00bb.vc_custom_1522307815818{margin-bottom: 30px !important;}\u00a0\u00bb][vc_row_inner][vc_column_inner][cms_fancybox_single fancy_style=\u00a0\u00bbstyle-2&Prime; icon_fontawesome=\u00a0\u00bbfa fa-truck\u00a0\u00bb title_item=\u00a0\u00bbGROUPAGE AVEC LIVRAISON DDP ET DDU\u00a0\u00bb icon_left=\u00a0\u00bb1&Prime; description_item=\u00a0\u00bbNous nous sp\u00e9cialisons dans le service de groupage avec livraison DDP et<\/p>\n","protected":false},"author":1,"featured_media":0,"parent":0,"menu_order":0,"comment_status":"closed","ping_status":"closed","template":"","meta":[],"_links":{"self":[{"href":"https:\/\/www.forw-log.com\/fr\/wp-json\/wp\/v2\/pages\/2011"}],"collection":[{"href":"https:\/\/www.forw-log.com\/fr\/wp-json\/wp\/v2\/pages"}],"about":[{"href":"https:\/\/www.forw-log.com\/fr\/wp-json\/wp\/v2\/types\/page"}],"author":[{"embeddable":true,"href":"https:\/\/www.forw-log.com\/fr\/wp-json\/wp\/v2\/users\/1"}],"replies":[{"embeddable":true,"href":"https:\/\/www.forw-log.com\/fr\/wp-json\/wp\/v2\/comments?post=2011"}],"version-history":[{"count":5,"href":"https:\/\/www.forw-log.com\/fr\/wp-json\/wp\/v2\/pages\/2011\/revisions"}],"predecessor-version":[{"id":2212,"href":"https:\/\/www.forw-log.com\/fr\/wp-json\/wp\/v2\/pages\/2011\/revisions\/2212"}],"wp:attachment":[{"href":"https:\/\/www.forw-log.com\/fr\/wp-json\/wp\/v2\/media?parent=2011"}],"curies":[{"name":"wp","href":"https:\/\/api.w.org\/{rel}","templated":true}]}}