{"id":2010,"date":"2018-03-29T08:00:18","date_gmt":"2018-03-29T06:00:18","guid":{"rendered":"http:\/\/www.forw-log.com\/mare\/"},"modified":"2018-10-01T09:43:16","modified_gmt":"2018-10-01T07:43:16","slug":"mare","status":"publish","type":"page","link":"https:\/\/www.forw-log.com\/fr\/mare\/","title":{"rendered":"Mer"},"content":{"rendered":"<p>[vc_row][vc_column][rev_slider_vc alias=\u00a0\u00bbmare\u00a0\u00bb][\/vc_column][\/vc_row][vc_row full_width=\u00a0\u00bbstretch_row\u00a0\u00bb css_animation=\u00a0\u00bbfadeIn\u00a0\u00bb css=\u00a0\u00bb.vc_custom_1522461421304{padding-top: 60px !important;background-color: #f5f5f5 !important;}\u00a0\u00bb][vc_column offset=\u00a0\u00bbvc_col-lg-8&Prime; css=\u00a0\u00bb.vc_custom_1522315152358{margin-bottom: 30px !important;}\u00a0\u00bb][cms_custom_heading add_border=\u00a0\u00bb1&Prime; element_tag=\u00a0\u00bbH1&Prime; ttext-align=\u00a0\u00bbtext-left\u00a0\u00bb title=\u00a0\u00bbEXP\u00c9DITIONS PAR MER\u00a0\u00bb css=\u00a0\u00bb.vc_custom_1538379628309{margin-bottom: 20px !important;}\u00a0\u00bb][\/vc_column][\/vc_row][vc_row full_width=\u00a0\u00bbstretch_row\u00a0\u00bb css_animation=\u00a0\u00bbfadeIn\u00a0\u00bb css=\u00a0\u00bb.vc_custom_1522461431146{padding-bottom: 50px !important;background-color: #f5f5f5 !important;}\u00a0\u00bb][vc_column width=\u00a0\u00bb2\/3&Prime; css=\u00a0\u00bb.vc_custom_1522307815818{margin-bottom: 30px !important;}\u00a0\u00bb][vc_row_inner][vc_column_inner width=\u00a0\u00bb1\/2&Prime;][cms_fancybox_single fancy_style=\u00a0\u00bbstyle-2&Prime; icon_fontawesome=\u00a0\u00bbfa fa-ship\u00a0\u00bb title_item=\u00a0\u00bbFCL\u00a0\u00bb icon_left=\u00a0\u00bb1&Prime; description_item=\u00a0\u00bbNous exp\u00e9dions tous les types de marchandises par l&rsquo;interm\u00e9diaire de compagnies maritimes de premier plan.\u00a0\u00bb][\/vc_column_inner][vc_column_inner width=\u00a0\u00bb1\/2&Prime;][cms_fancybox_single fancy_style=\u00a0\u00bbstyle-2&Prime; icon_fontawesome=\u00a0\u00bbfa fa-ship\u00a0\u00bb title_item=\u00a0\u00bbCONTAINER REFRIGERE\u00a0\u00bb icon_left=\u00a0\u00bb1&Prime; description_item=\u00a0\u00bbTransports \u00e0 temp\u00e9rature contr\u00f4l\u00e9e de produits alimentaires qui n\u00e9cessitent ce type de transport.\u00a0\u00bb][\/vc_column_inner][\/vc_row_inner][vc_row_inner][vc_column_inner width=\u00a0\u00bb1\/2&Prime;][cms_fancybox_single fancy_style=\u00a0\u00bbstyle-2&Prime; icon_fontawesome=\u00a0\u00bbfa fa-ship\u00a0\u00bb title_item=\u00a0\u00bbLCL GROUPAGE\u00a0\u00bb icon_left=\u00a0\u00bb1&Prime; description_item=\u00a0\u00bbNous consolidons, dans notre plateforme logistique de Campogalliano, les groupages de conteneurs avec diff\u00e9rents types de marchandises pour de nombreuses destinations en Afrique.\u00a0\u00bb][\/vc_column_inner][vc_column_inner width=\u00a0\u00bb1\/2&Prime;][cms_fancybox_single fancy_style=\u00a0\u00bbstyle-2&Prime; icon_fontawesome=\u00a0\u00bbfa fa-ship\u00a0\u00bb title_item=\u00a0\u00bbEXPEDITIONS HORS CONTOUR \u00a0\u00bb icon_left=\u00a0\u00bb1&Prime; description_item=\u00a0\u00bbNous pouvons traiter tout type d&rsquo;exp\u00e9dition, de Open Top \u00e0 Flat. Racks surveillant l&rsquo;exp\u00e9dition depuis le chargement \u00e0 son arriv\u00e9e \u00e0 destination.\u00a0\u00bb][\/vc_column_inner][\/vc_row_inner][vc_row_inner][vc_column_inner width=\u00a0\u00bb1\/2&Prime;][cms_fancybox_single fancy_style=\u00a0\u00bbstyle-2&Prime; icon_fontawesome=\u00a0\u00bbfa fa-ship\u00a0\u00bb title_item=\u00a0\u00bbPORTE A PORTE \u00a0\u00bb icon_left=\u00a0\u00bb1&Prime; description_item=\u00a0\u00bbAvec notre r\u00e9seau de bureaux et d&rsquo;agents, nous sommes en mesure de livrer la marchandise au stock du r\u00e9cepteur final, y compris \u00e9galement l&rsquo;\u00e9ventuelle op\u00e9ration de d\u00e9douanement DDP dans les pays compliqu\u00e9s d&rsquo;Afrique.\u00a0\u00bb][\/vc_column_inner][vc_column_inner width=\u00a0\u00bb1\/2&Prime;][cms_fancybox_single fancy_style=\u00a0\u00bbstyle-2&Prime; icon_fontawesome=\u00a0\u00bbfa fa-ship\u00a0\u00bb title_item=\u00a0\u00bbRO-RO\u00a0\u00bb icon_left=\u00a0\u00bb1&Prime; description_item=\u00a0\u00bbL&rsquo;Afrique a toujours eu une grande demande de mat\u00e9riel roulant, voitures, camions, engins de terrassement. Avec l&rsquo;aide d&rsquo;entreprises partenaires, nous sommes en mesure de transporter ces v\u00e9hicules directement jusqu&rsquo;au terminal d&#8217;embarquement, si ce n&rsquo;est de fa\u00e7on autonome.\u00a0\u00bb][\/vc_column_inner][\/vc_row_inner][\/vc_column][vc_column width=\u00a0\u00bb1\/3&Prime;][vc_gallery type=\u00a0\u00bbimage_grid\u00a0\u00bb images=\u00a0\u00bb1898,1902,1894,1890&Prime; img_size=\u00a0\u00bbmedium\u00a0\u00bb onclick=\u00a0\u00bb\u00a0\u00bb][\/vc_column][\/vc_row][vc_row][vc_column][vc_cta h2=\u00a0\u00bbDemande une cotation ou des informations sur notres services\u00a0\u00bb style=\u00a0\u00bbcustom\u00a0\u00bb add_button=\u00a0\u00bbright\u00a0\u00bb btn_title=\u00a0\u00bbCONTACTEZ-NOUS\u00a0\u00bb custom_background=\u00a0\u00bb#006db7&Prime; custom_text=\u00a0\u00bb#ffffff\u00a0\u00bb btn_link=\u00a0\u00bburl:http%3A%2F%2Fwww.forw-log.com%2Ffr%2Fcontatta-forwarding-logistic%2F|||\u00a0\u00bb][\/vc_cta][\/vc_column][\/vc_row][vc_row css_animation=\u00a0\u00bbfadeIn\u00a0\u00bb css=\u00a0\u00bb.vc_custom_1522461447776{padding-top: 60px !important;}\u00a0\u00bb][vc_column][vc_row_inner][vc_column_inner offset=\u00a0\u00bbvc_col-lg-offset-2 vc_col-lg-8&Prime; css=\u00a0\u00bb.vc_custom_1522314123795{margin-bottom: 20px !important;}\u00a0\u00bb][cms_custom_heading add_border=\u00a0\u00bb1&Prime; element_tag=\u00a0\u00bbH1&Prime; title=\u00a0\u00bbACTUALIT\u00c9S\u00a0\u00bb css=\u00a0\u00bb.vc_custom_1538379210466{margin-bottom: 20px !important;}\u00a0\u00bb][\/vc_column_inner][\/vc_row_inner][vc_row_inner][vc_column_inner][cms_carousel xsmall_items=\u00a0\u00bb1&Prime; small_items=\u00a0\u00bb2&Prime; medium_items=\u00a0\u00bb3&Prime; large_items=\u00a0\u00bb3&Prime; margin=\u00a0\u00bb30&Prime; nav=\u00a0\u00bbfalse\u00a0\u00bb dots=\u00a0\u00bbfalse\u00a0\u00bb source=\u00a0\u00bbsize:10|order_by:date|post_type:post\u00a0\u00bb cms_template=\u00a0\u00bbcms_carousel.php\u00a0\u00bb][\/vc_column_inner][\/vc_row_inner][\/vc_column][\/vc_row]<\/p>\n","protected":false},"excerpt":{"rendered":"<p>[vc_row][vc_column][rev_slider_vc alias=\u00a0\u00bbmare\u00a0\u00bb][\/vc_column][\/vc_row][vc_row full_width=\u00a0\u00bbstretch_row\u00a0\u00bb css_animation=\u00a0\u00bbfadeIn\u00a0\u00bb css=\u00a0\u00bb.vc_custom_1522461421304{padding-top: 60px !important;background-color: #f5f5f5 !important;}\u00a0\u00bb][vc_column offset=\u00a0\u00bbvc_col-lg-8&Prime; css=\u00a0\u00bb.vc_custom_1522315152358{margin-bottom: 30px !important;}\u00a0\u00bb][cms_custom_heading add_border=\u00a0\u00bb1&Prime; element_tag=\u00a0\u00bbH1&Prime; ttext-align=\u00a0\u00bbtext-left\u00a0\u00bb title=\u00a0\u00bbEXP\u00c9DITIONS PAR MER\u00a0\u00bb css=\u00a0\u00bb.vc_custom_1538379628309{margin-bottom: 20px !important;}\u00a0\u00bb][\/vc_column][\/vc_row][vc_row full_width=\u00a0\u00bbstretch_row\u00a0\u00bb css_animation=\u00a0\u00bbfadeIn\u00a0\u00bb css=\u00a0\u00bb.vc_custom_1522461431146{padding-bottom: 50px !important;background-color: #f5f5f5 !important;}\u00a0\u00bb][vc_column width=\u00a0\u00bb2\/3&Prime; css=\u00a0\u00bb.vc_custom_1522307815818{margin-bottom: 30px !important;}\u00a0\u00bb][vc_row_inner][vc_column_inner width=\u00a0\u00bb1\/2&Prime;][cms_fancybox_single fancy_style=\u00a0\u00bbstyle-2&Prime; icon_fontawesome=\u00a0\u00bbfa fa-ship\u00a0\u00bb title_item=\u00a0\u00bbFCL\u00a0\u00bb icon_left=\u00a0\u00bb1&Prime; description_item=\u00a0\u00bbNous exp\u00e9dions tous les types de marchandises par l&rsquo;interm\u00e9diaire de compagnies maritimes de premier plan.\u00a0\u00bb][\/vc_column_inner][vc_column_inner width=\u00a0\u00bb1\/2&Prime;][cms_fancybox_single<\/p>\n","protected":false},"author":1,"featured_media":0,"parent":0,"menu_order":0,"comment_status":"closed","ping_status":"closed","template":"","meta":[],"_links":{"self":[{"href":"https:\/\/www.forw-log.com\/fr\/wp-json\/wp\/v2\/pages\/2010"}],"collection":[{"href":"https:\/\/www.forw-log.com\/fr\/wp-json\/wp\/v2\/pages"}],"about":[{"href":"https:\/\/www.forw-log.com\/fr\/wp-json\/wp\/v2\/types\/page"}],"author":[{"embeddable":true,"href":"https:\/\/www.forw-log.com\/fr\/wp-json\/wp\/v2\/users\/1"}],"replies":[{"embeddable":true,"href":"https:\/\/www.forw-log.com\/fr\/wp-json\/wp\/v2\/comments?post=2010"}],"version-history":[{"count":4,"href":"https:\/\/www.forw-log.com\/fr\/wp-json\/wp\/v2\/pages\/2010\/revisions"}],"predecessor-version":[{"id":2039,"href":"https:\/\/www.forw-log.com\/fr\/wp-json\/wp\/v2\/pages\/2010\/revisions\/2039"}],"wp:attachment":[{"href":"https:\/\/www.forw-log.com\/fr\/wp-json\/wp\/v2\/media?parent=2010"}],"curies":[{"name":"wp","href":"https:\/\/api.w.org\/{rel}","templated":true}]}}