{"id":2009,"date":"2018-09-27T16:54:25","date_gmt":"2018-09-27T14:54:25","guid":{"rendered":"http:\/\/www.forw-log.com\/logistica\/"},"modified":"2018-10-01T09:39:44","modified_gmt":"2018-10-01T07:39:44","slug":"logistica","status":"publish","type":"page","link":"https:\/\/www.forw-log.com\/fr\/logistica\/","title":{"rendered":"Logistique"},"content":{"rendered":"<p>[vc_row][vc_column][rev_slider_vc alias=\u00a0\u00bblogistica\u00a0\u00bb][\/vc_column][\/vc_row][vc_row full_width=\u00a0\u00bbstretch_row\u00a0\u00bb css_animation=\u00a0\u00bbfadeIn\u00a0\u00bb css=\u00a0\u00bb.vc_custom_1522461421304{padding-top: 60px !important;background-color: #f5f5f5 !important;}\u00a0\u00bb][vc_column offset=\u00a0\u00bbvc_col-lg-8&Prime; css=\u00a0\u00bb.vc_custom_1522315152358{margin-bottom: 30px !important;}\u00a0\u00bb][cms_custom_heading add_border=\u00a0\u00bb1&Prime; element_tag=\u00a0\u00bbH1&Prime; ttext-align=\u00a0\u00bbtext-left\u00a0\u00bb title=\u00a0\u00bbDepuis notre plateforme logistique, \u00e0 Campogalliano, nous avons le plaisir de vous offrir de nombreux services:\u00a0\u00bb css=\u00a0\u00bb.vc_custom_1538379421144{margin-bottom: 20px !important;}\u00a0\u00bb][\/vc_column][\/vc_row][vc_row full_width=\u00a0\u00bbstretch_row\u00a0\u00bb css_animation=\u00a0\u00bbfadeIn\u00a0\u00bb css=\u00a0\u00bb.vc_custom_1522461431146{padding-bottom: 50px !important;background-color: #f5f5f5 !important;}\u00a0\u00bb][vc_column width=\u00a0\u00bb2\/3&Prime; css=\u00a0\u00bb.vc_custom_1522307815818{margin-bottom: 30px !important;}\u00a0\u00bb][vc_row_inner][vc_column_inner width=\u00a0\u00bb1\/2&Prime;][cms_fancybox_single fancy_style=\u00a0\u00bbstyle-2&Prime; icon_fontawesome=\u00a0\u00bbfa fa-dropbox\u00a0\u00bb title_item=\u00a0\u00bbETIQUETAGE ET LOGICIEL DE GESTION \u00a0\u00bb icon_left=\u00a0\u00bb1&Prime; description_item=\u00a0\u00bbEtiquetage et utilisation d&rsquo;un logiciel de gestion pour le contr\u00f4le de vos marchandises\u00a0\u00bb][\/vc_column_inner][vc_column_inner width=\u00a0\u00bb1\/2&Prime;][cms_fancybox_single fancy_style=\u00a0\u00bbstyle-2&Prime; icon_fontawesome=\u00a0\u00bbfa fa-dropbox\u00a0\u00bb title_item=\u00a0\u00bbPESAGE\u00a0\u00bb icon_left=\u00a0\u00bb1&Prime; description_item=\u00a0\u00bbPesage de marchandises de petits et grands colis\u00a0\u00bb][\/vc_column_inner][\/vc_row_inner][vc_row_inner][vc_column_inner width=\u00a0\u00bb1\/2&Prime;][cms_fancybox_single fancy_style=\u00a0\u00bbstyle-2&Prime; icon_fontawesome=\u00a0\u00bbfa fa-dropbox\u00a0\u00bb title_item=\u00a0\u00bbLOGISTIQUE A LONG TERME \u00a0\u00bb icon_left=\u00a0\u00bb1&Prime; description_item=\u00a0\u00bbLogistique \u00e0 long terme de vos marchandises dans un espace qui vous est enti\u00e8rement d\u00e9di\u00e9\u00a0\u00bb][\/vc_column_inner][vc_column_inner width=\u00a0\u00bb1\/2&Prime;][cms_fancybox_single fancy_style=\u00a0\u00bbstyle-2&Prime; icon_fontawesome=\u00a0\u00bbfa fa-dropbox\u00a0\u00bb title_item=\u00a0\u00bbEMBALLAGES SUR MESURE\u00a0\u00bb icon_left=\u00a0\u00bb1&Prime; description_item=\u00a0\u00bbEmballages en bois sur mesure pour vos exp\u00e9ditions de marchandises\u00a0\u00bb][\/vc_column_inner][\/vc_row_inner][vc_row_inner][vc_column_inner width=\u00a0\u00bb1\/2&Prime;][cms_fancybox_single fancy_style=\u00a0\u00bbstyle-2&Prime; icon_fontawesome=\u00a0\u00bbfa fa-dropbox\u00a0\u00bb title_item=\u00a0\u00bbENLEVEMENT \u00a0\u00bb icon_left=\u00a0\u00bb1&Prime; description_item=\u00a0\u00bbEnl\u00e8vement de vos marchandises avec nos tracteurs, camions et camionnettes \u00e0 des prix extr\u00eamement comp\u00e9titifs\u00a0\u00bb][\/vc_column_inner][vc_column_inner width=\u00a0\u00bb1\/2&Prime;][\/vc_column_inner][\/vc_row_inner][\/vc_column][vc_column width=\u00a0\u00bb1\/3&Prime;][vc_single_image image=\u00a0\u00bb1836&Prime; img_size=\u00a0\u00bblarge\u00a0\u00bb css_animation=\u00a0\u00bbfadeInRight\u00a0\u00bb css=\u00a0\u00bb.vc_custom_1538060811120{margin-bottom: 0px !important;}\u00a0\u00bb][vc_single_image image=\u00a0\u00bb1832&Prime; img_size=\u00a0\u00bblarge\u00a0\u00bb css_animation=\u00a0\u00bbfadeInRight\u00a0\u00bb css=\u00a0\u00bb.vc_custom_1538060824647{margin-bottom: 30px !important;}\u00a0\u00bb][\/vc_column][\/vc_row][vc_row][vc_column][vc_cta h2=\u00a0\u00bbDemande une cotation ou des informations sur notres services\u00a0\u00bb style=\u00a0\u00bbcustom\u00a0\u00bb add_button=\u00a0\u00bbright\u00a0\u00bb btn_title=\u00a0\u00bbCONTACTEZ-NOUS\u00a0\u00bb custom_background=\u00a0\u00bb#006db7&Prime; custom_text=\u00a0\u00bb#ffffff\u00a0\u00bb btn_link=\u00a0\u00bburl:http%3A%2F%2Fwww.forw-log.com%2Ffr%2Fcontatta-forwarding-logistic%2F|||\u00a0\u00bb][\/vc_cta][\/vc_column][\/vc_row][vc_row css_animation=\u00a0\u00bbfadeIn\u00a0\u00bb css=\u00a0\u00bb.vc_custom_1522461447776{padding-top: 60px !important;}\u00a0\u00bb][vc_column][vc_row_inner][vc_column_inner offset=\u00a0\u00bbvc_col-lg-offset-2 vc_col-lg-8&Prime; css=\u00a0\u00bb.vc_custom_1522314123795{margin-bottom: 20px !important;}\u00a0\u00bb][cms_custom_heading add_border=\u00a0\u00bb1&Prime; element_tag=\u00a0\u00bbH1&Prime; title=\u00a0\u00bbACTUALIT\u00c9S\u00a0\u00bb css=\u00a0\u00bb.vc_custom_1538379315225{margin-bottom: 20px !important;}\u00a0\u00bb][\/vc_column_inner][\/vc_row_inner][vc_row_inner][vc_column_inner][cms_carousel xsmall_items=\u00a0\u00bb1&Prime; small_items=\u00a0\u00bb2&Prime; medium_items=\u00a0\u00bb3&Prime; large_items=\u00a0\u00bb3&Prime; margin=\u00a0\u00bb30&Prime; nav=\u00a0\u00bbfalse\u00a0\u00bb dots=\u00a0\u00bbfalse\u00a0\u00bb source=\u00a0\u00bbsize:10|order_by:date|post_type:post\u00a0\u00bb cms_template=\u00a0\u00bbcms_carousel.php\u00a0\u00bb][\/vc_column_inner][\/vc_row_inner][\/vc_column][\/vc_row]<\/p>\n","protected":false},"excerpt":{"rendered":"<p>[vc_row][vc_column][rev_slider_vc alias=\u00a0\u00bblogistica\u00a0\u00bb][\/vc_column][\/vc_row][vc_row full_width=\u00a0\u00bbstretch_row\u00a0\u00bb css_animation=\u00a0\u00bbfadeIn\u00a0\u00bb css=\u00a0\u00bb.vc_custom_1522461421304{padding-top: 60px !important;background-color: #f5f5f5 !important;}\u00a0\u00bb][vc_column offset=\u00a0\u00bbvc_col-lg-8&Prime; css=\u00a0\u00bb.vc_custom_1522315152358{margin-bottom: 30px !important;}\u00a0\u00bb][cms_custom_heading add_border=\u00a0\u00bb1&Prime; element_tag=\u00a0\u00bbH1&Prime; ttext-align=\u00a0\u00bbtext-left\u00a0\u00bb title=\u00a0\u00bbDepuis notre plateforme logistique, \u00e0 Campogalliano, nous avons le plaisir de vous offrir de nombreux services:\u00a0\u00bb css=\u00a0\u00bb.vc_custom_1538379421144{margin-bottom: 20px !important;}\u00a0\u00bb][\/vc_column][\/vc_row][vc_row full_width=\u00a0\u00bbstretch_row\u00a0\u00bb css_animation=\u00a0\u00bbfadeIn\u00a0\u00bb css=\u00a0\u00bb.vc_custom_1522461431146{padding-bottom: 50px !important;background-color: #f5f5f5 !important;}\u00a0\u00bb][vc_column width=\u00a0\u00bb2\/3&Prime; css=\u00a0\u00bb.vc_custom_1522307815818{margin-bottom: 30px !important;}\u00a0\u00bb][vc_row_inner][vc_column_inner width=\u00a0\u00bb1\/2&Prime;][cms_fancybox_single fancy_style=\u00a0\u00bbstyle-2&Prime; icon_fontawesome=\u00a0\u00bbfa fa-dropbox\u00a0\u00bb title_item=\u00a0\u00bbETIQUETAGE ET LOGICIEL DE GESTION<\/p>\n","protected":false},"author":1,"featured_media":0,"parent":0,"menu_order":0,"comment_status":"closed","ping_status":"closed","template":"","meta":[],"_links":{"self":[{"href":"https:\/\/www.forw-log.com\/fr\/wp-json\/wp\/v2\/pages\/2009"}],"collection":[{"href":"https:\/\/www.forw-log.com\/fr\/wp-json\/wp\/v2\/pages"}],"about":[{"href":"https:\/\/www.forw-log.com\/fr\/wp-json\/wp\/v2\/types\/page"}],"author":[{"embeddable":true,"href":"https:\/\/www.forw-log.com\/fr\/wp-json\/wp\/v2\/users\/1"}],"replies":[{"embeddable":true,"href":"https:\/\/www.forw-log.com\/fr\/wp-json\/wp\/v2\/comments?post=2009"}],"version-history":[{"count":4,"href":"https:\/\/www.forw-log.com\/fr\/wp-json\/wp\/v2\/pages\/2009\/revisions"}],"predecessor-version":[{"id":2038,"href":"https:\/\/www.forw-log.com\/fr\/wp-json\/wp\/v2\/pages\/2009\/revisions\/2038"}],"wp:attachment":[{"href":"https:\/\/www.forw-log.com\/fr\/wp-json\/wp\/v2\/media?parent=2009"}],"curies":[{"name":"wp","href":"https:\/\/api.w.org\/{rel}","templated":true}]}}