{"id":2007,"date":"2017-09-26T09:32:36","date_gmt":"2017-09-26T08:32:36","guid":{"rendered":"http:\/\/www.forw-log.com\/russia-forwarding\/"},"modified":"2018-10-01T09:26:45","modified_gmt":"2018-10-01T07:26:45","slug":"russia-forwarding","status":"publish","type":"page","link":"https:\/\/www.forw-log.com\/fr\/russia-forwarding\/","title":{"rendered":"Soci\u00e8t\u00e8"},"content":{"rendered":"<p>[vc_row gap=\u00a0\u00bb5&Prime; css=\u00a0\u00bb.vc_custom_1538061940473{padding-top: 60px !important;padding-bottom: 50px !important;}\u00a0\u00bb][vc_column width=\u00a0\u00bb1\/2&Prime; css=\u00a0\u00bb.vc_custom_1538061911276{margin-right: 25px !important;margin-bottom: 30px !important;padding-top: 24px !important;}\u00a0\u00bb][vc_custom_heading text=\u00a0\u00bbINTERNATIONAL FREIGHT FORWARDER\u00a0\u00bb font_container=\u00a0\u00bbtag:h3|text_align:left\u00a0\u00bb use_theme_fonts=\u00a0\u00bbyes\u00a0\u00bb][vc_empty_space height=\u00a0\u00bb20px\u00a0\u00bb][vc_column_text]<\/p>\n<p align=\"justify\">L&rsquo;\u00e9poque o\u00f9 les galions naviguaient depuis les ports de la vieille Europe \u00e0 la recherche de fortune dans les lointaines Indes et l&rsquo;Afrique est r\u00e9volue depuis longtemps. C&rsquo;\u00e9taient des voyages \u00e9puisants, tr\u00e8s longs, malheureusement parfois sans retour car les adversit\u00e9s climatiques ont coul\u00e9 les galions et leurs chargements ou, pire, ils ont \u00e9t\u00e9 pris d&rsquo;assaut par les pirates.<br \/>\nLe transport \u00e9tait toujours \u00e0 haut risque, en particulier dans les r\u00e9gions cach\u00e9es et \u00e9loign\u00e9es de l&rsquo;Afrique qui doivent encore \u00eatre explor\u00e9es et pleines d&#8217;emb\u00fbches.<\/p>\n<p align=\"justify\">Il n&rsquo;y avait pas de transport s\u00fbr ou une meilleure assurance des marchandises, seulement la bonne fortune et l&rsquo;habilet\u00e9 des capitaines qui scrutaient les \u00e9toiles, cherchant des routes s\u00fbres pour sauver les navires, les marchandises et les \u00e9quipages.<br \/>\nAujourd&rsquo;hui, le village global multiple dans lequel nous vivons a conduit \u00e0 faciliter tous les types de transport, de la mer \u00e0 l&rsquo;air avec des navires rapides qui naviguent sur les oc\u00e9ans en r\u00e9duisant de moiti\u00e9 les temps de transit et des avions cargo con\u00e7us pour charger tout type de marchandises ainsi que, avec les technologies modernes de l&rsquo;information, les marchandises sont constamment tra\u00e7ables.<\/p>\n<p>[\/vc_column_text][\/vc_column][vc_column width=\u00a0\u00bb1\/2&Prime; css=\u00a0\u00bb.vc_custom_1507708869193{margin-bottom: 30px !important;}\u00a0\u00bb][vc_empty_space height=\u00a0\u00bb80px\u00a0\u00bb][vc_column_text]<\/p>\n<h4 align=\"justify\">Forwarding &amp; Logistic est une compagnie maritime internationale dynamique avec vingt ans d&rsquo;exp\u00e9rience dans le secteur maritime, avec un accent sur l&rsquo;Afrique o\u00f9 notre exp\u00e9rience a conduit \u00e0 la cr\u00e9ation d&rsquo;un r\u00e9seau de bureaux et d&rsquo;agents exclusifs.<\/h4>\n<p>[\/vc_column_text][vc_single_image image=\u00a0\u00bb1883&Prime; img_size=\u00a0\u00bbmedium\u00a0\u00bb][\/vc_column][\/vc_row][vc_row][vc_column][vc_cta h2=\u00a0\u00bbDemande une cotation ou des informations sur notres services\u00a0\u00bb style=\u00a0\u00bbcustom\u00a0\u00bb add_button=\u00a0\u00bbright\u00a0\u00bb btn_title=\u00a0\u00bbCONTACTEZ-NOUS\u00a0\u00bb custom_background=\u00a0\u00bb#006db7&Prime; custom_text=\u00a0\u00bb#ffffff\u00a0\u00bb btn_link=\u00a0\u00bburl:http%3A%2F%2Fwww.forw-log.com%2Ffr%2Fcontatta-forwarding-logistic%2F|||\u00a0\u00bb][\/vc_cta][\/vc_column][\/vc_row]<\/p>\n","protected":false},"excerpt":{"rendered":"<p>[vc_row gap=\u00a0\u00bb5&Prime; css=\u00a0\u00bb.vc_custom_1538061940473{padding-top: 60px !important;padding-bottom: 50px !important;}\u00a0\u00bb][vc_column width=\u00a0\u00bb1\/2&Prime; css=\u00a0\u00bb.vc_custom_1538061911276{margin-right: 25px !important;margin-bottom: 30px !important;padding-top: 24px !important;}\u00a0\u00bb][vc_custom_heading text=\u00a0\u00bbINTERNATIONAL FREIGHT FORWARDER\u00a0\u00bb font_container=\u00a0\u00bbtag:h3|text_align:left\u00a0\u00bb use_theme_fonts=\u00a0\u00bbyes\u00a0\u00bb][vc_empty_space height=\u00a0\u00bb20px\u00a0\u00bb][vc_column_text] L&rsquo;\u00e9poque o\u00f9 les galions naviguaient depuis les ports de la vieille Europe \u00e0 la recherche de fortune dans les lointaines Indes et l&rsquo;Afrique est r\u00e9volue depuis longtemps. C&rsquo;\u00e9taient des voyages \u00e9puisants, tr\u00e8s longs, malheureusement<\/p>\n","protected":false},"author":1,"featured_media":0,"parent":0,"menu_order":0,"comment_status":"closed","ping_status":"closed","template":"","meta":[],"_links":{"self":[{"href":"https:\/\/www.forw-log.com\/fr\/wp-json\/wp\/v2\/pages\/2007"}],"collection":[{"href":"https:\/\/www.forw-log.com\/fr\/wp-json\/wp\/v2\/pages"}],"about":[{"href":"https:\/\/www.forw-log.com\/fr\/wp-json\/wp\/v2\/types\/page"}],"author":[{"embeddable":true,"href":"https:\/\/www.forw-log.com\/fr\/wp-json\/wp\/v2\/users\/1"}],"replies":[{"embeddable":true,"href":"https:\/\/www.forw-log.com\/fr\/wp-json\/wp\/v2\/comments?post=2007"}],"version-history":[{"count":5,"href":"https:\/\/www.forw-log.com\/fr\/wp-json\/wp\/v2\/pages\/2007\/revisions"}],"predecessor-version":[{"id":2028,"href":"https:\/\/www.forw-log.com\/fr\/wp-json\/wp\/v2\/pages\/2007\/revisions\/2028"}],"wp:attachment":[{"href":"https:\/\/www.forw-log.com\/fr\/wp-json\/wp\/v2\/media?parent=2007"}],"curies":[{"name":"wp","href":"https:\/\/api.w.org\/{rel}","templated":true}]}}