{"id":2001,"date":"2018-09-27T16:24:38","date_gmt":"2018-09-27T14:24:38","guid":{"rendered":"http:\/\/www.forw-log.com\/assicurazione-merci\/"},"modified":"2018-10-01T09:13:12","modified_gmt":"2018-10-01T07:13:12","slug":"assicurazione-merci","status":"publish","type":"page","link":"https:\/\/www.forw-log.com\/fr\/assicurazione-merci\/","title":{"rendered":"Assurance des Marchandises"},"content":{"rendered":"<p>[vc_row][vc_column][rev_slider_vc alias=\u00a0\u00bbassicurazione\u00a0\u00bb][\/vc_column][\/vc_row][vc_row full_width=\u00a0\u00bbstretch_row\u00a0\u00bb css_animation=\u00a0\u00bbfadeIn\u00a0\u00bb css=\u00a0\u00bb.vc_custom_1522461421304{padding-top: 60px !important;background-color: #f5f5f5 !important;}\u00a0\u00bb][vc_column offset=\u00a0\u00bbvc_col-lg-8&Prime; css=\u00a0\u00bb.vc_custom_1522315152358{margin-bottom: 30px !important;}\u00a0\u00bb][cms_custom_heading add_border=\u00a0\u00bb1&Prime; element_tag=\u00a0\u00bbH1&Prime; ttext-align=\u00a0\u00bbtext-left\u00a0\u00bb title=\u00a0\u00bbASSURANCE DES MARCHANDISES\u00a0\u00bb css=\u00a0\u00bb.vc_custom_1538377989579{margin-bottom: 20px !important;}\u00a0\u00bb][\/vc_column][\/vc_row][vc_row full_width=\u00a0\u00bbstretch_row\u00a0\u00bb css_animation=\u00a0\u00bbfadeIn\u00a0\u00bb css=\u00a0\u00bb.vc_custom_1522461431146{padding-bottom: 50px !important;background-color: #f5f5f5 !important;}\u00a0\u00bb][vc_column width=\u00a0\u00bb2\/3&Prime; css=\u00a0\u00bb.vc_custom_1522307815818{margin-bottom: 30px !important;}\u00a0\u00bb][vc_row_inner][vc_column_inner][cms_fancybox_single fancy_style=\u00a0\u00bbstyle-2&Prime; icon_fontawesome=\u00a0\u00bbfa fa-check-square-o\u00a0\u00bb title_item=\u00a0\u00bbCourtage et gestion des couvertures d&rsquo;assurance\u00a0\u00bb icon_left=\u00a0\u00bb1&Prime; description_item=\u00a0\u00bbNous faisons appel \u00e0 des cabinets de courtage exp\u00e9riment\u00e9s sp\u00e9cialis\u00e9s dans le courtage et la gestion des couvertures d&rsquo;assurance, avec lesquels nous r\u00e9alisons des \u00e9tudes pour identifier les solutions optimales et personnalis\u00e9es \u00e0 la recherche des meilleurs produits sur le march\u00e9, tant en termes de contenu que de co\u00fbts, afin de pouvoir assurer vos biens.\u00a0\u00bb][\/vc_column_inner][\/vc_row_inner][\/vc_column][vc_column width=\u00a0\u00bb1\/3&Prime;][vc_single_image image=\u00a0\u00bb1769&Prime; img_size=\u00a0\u00bblarge\u00a0\u00bb css_animation=\u00a0\u00bbfadeInRight\u00a0\u00bb css=\u00a0\u00bb.vc_custom_1538058197128{margin-bottom: 0px !important;}\u00a0\u00bb][\/vc_column][\/vc_row][vc_row][vc_column][vc_cta h2=\u00a0\u00bbDemande une cotation ou des informations sur notres services\u00a0\u00bb style=\u00a0\u00bbcustom\u00a0\u00bb add_button=\u00a0\u00bbright\u00a0\u00bb btn_title=\u00a0\u00bbCONTACTEZ-NOUS\u00a0\u00bb custom_background=\u00a0\u00bb#006db7&Prime; custom_text=\u00a0\u00bb#ffffff\u00a0\u00bb btn_link=\u00a0\u00bburl:http%3A%2F%2Fwww.forw-log.com%2Ffr%2Fcontatta-forwarding-logistic%2F|||\u00a0\u00bb][\/vc_cta][\/vc_column][\/vc_row][vc_row css_animation=\u00a0\u00bbfadeIn\u00a0\u00bb css=\u00a0\u00bb.vc_custom_1522461447776{padding-top: 60px !important;}\u00a0\u00bb][vc_column][vc_row_inner][vc_column_inner offset=\u00a0\u00bbvc_col-lg-offset-2 vc_col-lg-8&Prime; css=\u00a0\u00bb.vc_custom_1522314123795{margin-bottom: 20px !important;}\u00a0\u00bb][cms_custom_heading add_border=\u00a0\u00bb1&Prime; element_tag=\u00a0\u00bbH1&Prime; title=\u00a0\u00bbNEWS\u00a0\u00bb css=\u00a0\u00bb.vc_custom_1538055715633{margin-bottom: 20px !important;}\u00a0\u00bb][\/vc_column_inner][\/vc_row_inner][vc_row_inner][vc_column_inner][cms_carousel xsmall_items=\u00a0\u00bb1&Prime; small_items=\u00a0\u00bb2&Prime; medium_items=\u00a0\u00bb3&Prime; large_items=\u00a0\u00bb3&Prime; margin=\u00a0\u00bb30&Prime; nav=\u00a0\u00bbfalse\u00a0\u00bb dots=\u00a0\u00bbfalse\u00a0\u00bb source=\u00a0\u00bbsize:10|order_by:date|post_type:post\u00a0\u00bb cms_template=\u00a0\u00bbcms_carousel.php\u00a0\u00bb][\/vc_column_inner][\/vc_row_inner][\/vc_column][\/vc_row]<\/p>\n","protected":false},"excerpt":{"rendered":"<p>[vc_row][vc_column][rev_slider_vc alias=\u00a0\u00bbassicurazione\u00a0\u00bb][\/vc_column][\/vc_row][vc_row full_width=\u00a0\u00bbstretch_row\u00a0\u00bb css_animation=\u00a0\u00bbfadeIn\u00a0\u00bb css=\u00a0\u00bb.vc_custom_1522461421304{padding-top: 60px !important;background-color: #f5f5f5 !important;}\u00a0\u00bb][vc_column offset=\u00a0\u00bbvc_col-lg-8&Prime; css=\u00a0\u00bb.vc_custom_1522315152358{margin-bottom: 30px !important;}\u00a0\u00bb][cms_custom_heading add_border=\u00a0\u00bb1&Prime; element_tag=\u00a0\u00bbH1&Prime; ttext-align=\u00a0\u00bbtext-left\u00a0\u00bb title=\u00a0\u00bbASSURANCE DES MARCHANDISES\u00a0\u00bb css=\u00a0\u00bb.vc_custom_1538377989579{margin-bottom: 20px !important;}\u00a0\u00bb][\/vc_column][\/vc_row][vc_row full_width=\u00a0\u00bbstretch_row\u00a0\u00bb css_animation=\u00a0\u00bbfadeIn\u00a0\u00bb css=\u00a0\u00bb.vc_custom_1522461431146{padding-bottom: 50px !important;background-color: #f5f5f5 !important;}\u00a0\u00bb][vc_column width=\u00a0\u00bb2\/3&Prime; css=\u00a0\u00bb.vc_custom_1522307815818{margin-bottom: 30px !important;}\u00a0\u00bb][vc_row_inner][vc_column_inner][cms_fancybox_single fancy_style=\u00a0\u00bbstyle-2&Prime; icon_fontawesome=\u00a0\u00bbfa fa-check-square-o\u00a0\u00bb title_item=\u00a0\u00bbCourtage et gestion des couvertures d&rsquo;assurance\u00a0\u00bb icon_left=\u00a0\u00bb1&Prime; description_item=\u00a0\u00bbNous faisons appel \u00e0 des cabinets de courtage exp\u00e9riment\u00e9s sp\u00e9cialis\u00e9s dans le<\/p>\n","protected":false},"author":1,"featured_media":0,"parent":0,"menu_order":0,"comment_status":"closed","ping_status":"closed","template":"","meta":[],"_links":{"self":[{"href":"https:\/\/www.forw-log.com\/fr\/wp-json\/wp\/v2\/pages\/2001"}],"collection":[{"href":"https:\/\/www.forw-log.com\/fr\/wp-json\/wp\/v2\/pages"}],"about":[{"href":"https:\/\/www.forw-log.com\/fr\/wp-json\/wp\/v2\/types\/page"}],"author":[{"embeddable":true,"href":"https:\/\/www.forw-log.com\/fr\/wp-json\/wp\/v2\/users\/1"}],"replies":[{"embeddable":true,"href":"https:\/\/www.forw-log.com\/fr\/wp-json\/wp\/v2\/comments?post=2001"}],"version-history":[{"count":5,"href":"https:\/\/www.forw-log.com\/fr\/wp-json\/wp\/v2\/pages\/2001\/revisions"}],"predecessor-version":[{"id":2006,"href":"https:\/\/www.forw-log.com\/fr\/wp-json\/wp\/v2\/pages\/2001\/revisions\/2006"}],"wp:attachment":[{"href":"https:\/\/www.forw-log.com\/fr\/wp-json\/wp\/v2\/media?parent=2001"}],"curies":[{"name":"wp","href":"https:\/\/api.w.org\/{rel}","templated":true}]}}