{"id":1984,"date":"2017-09-26T09:34:04","date_gmt":"2017-09-26T08:34:04","guid":{"rendered":"http:\/\/www.forw-log.com\/contatta-forwarding-logistic\/"},"modified":"2018-09-28T17:47:22","modified_gmt":"2018-09-28T15:47:22","slug":"contatta-forwarding-logistic","status":"publish","type":"page","link":"https:\/\/www.forw-log.com\/fr\/contatta-forwarding-logistic\/","title":{"rendered":"Contacts"},"content":{"rendered":"<p>[vc_row css_animation=\u00a0\u00bbfadeIn\u00a0\u00bb css=\u00a0\u00bb.vc_custom_1507862535303{padding-bottom: 45px !important;}\u00a0\u00bb][vc_column width=\u00a0\u00bb2\/3&Prime; css=\u00a0\u00bb.vc_custom_1507862510385{margin-bottom: 30px !important;}\u00a0\u00bb][vc_custom_heading text=\u00a0\u00bbENVOYE TON DEMANDE\u00a0\u00bb font_container=\u00a0\u00bbtag:h3|text_align:left\u00a0\u00bb use_theme_fonts=\u00a0\u00bbyes\u00a0\u00bb][vc_column_text]Nous faisons appel \u00e0 des cabinets de courtage exp\u00e9riment\u00e9s sp\u00e9cialis\u00e9s dans le courtage et la gestion des couvertures d&rsquo;assurance, avec lesquels nous r\u00e9alisons des \u00e9tudes pour identifier les solutions optimales et personnalis\u00e9es \u00e0 la recherche des meilleurs produits sur le march\u00e9, tant en termes de contenu que de co\u00fbts, afin de pouvoir assurer vos biens.[\/vc_column_text]<div role=\"form\" class=\"wpcf7\" id=\"wpcf7-f1989-o1\" lang=\"it-IT\" dir=\"ltr\">\n<div class=\"screen-reader-response\"><p role=\"status\" aria-live=\"polite\" aria-atomic=\"true\"><\/p> <ul><\/ul><\/div>\n<form action=\"\/fr\/wp-json\/wp\/v2\/pages\/1984#wpcf7-f1989-o1\" method=\"post\" class=\"wpcf7-form init\" novalidate=\"novalidate\" data-status=\"init\">\n<div style=\"display: none;\">\n<input type=\"hidden\" name=\"_wpcf7\" value=\"1989\" \/>\n<input type=\"hidden\" name=\"_wpcf7_version\" value=\"5.6.4\" \/>\n<input type=\"hidden\" name=\"_wpcf7_locale\" value=\"it_IT\" \/>\n<input type=\"hidden\" name=\"_wpcf7_unit_tag\" value=\"wpcf7-f1989-o1\" \/>\n<input type=\"hidden\" name=\"_wpcf7_container_post\" value=\"0\" \/>\n<input type=\"hidden\" name=\"_wpcf7_posted_data_hash\" value=\"\" \/>\n<input type=\"hidden\" name=\"_wpcf7_recaptcha_response\" value=\"\" \/>\n<\/div>\n<div class=\"contact-form\">\n<div class=\"row\">\n<div class=\"col-xs-12 col-sm-12 col-md-12 col-lg-12\">\n<p><span class=\"wpcf7-form-control-wrap\" data-name=\"your-name\"><input type=\"text\" name=\"your-name\" value=\"\" size=\"40\" class=\"wpcf7-form-control wpcf7-text wpcf7-validates-as-required form-control\" aria-required=\"true\" aria-invalid=\"false\" placeholder=\"Nom\" \/><\/span> <\/p>\n<p><span class=\"wpcf7-form-control-wrap\" data-name=\"your-email\"><input type=\"email\" name=\"your-email\" value=\"\" size=\"40\" class=\"wpcf7-form-control wpcf7-text wpcf7-email wpcf7-validates-as-required wpcf7-validates-as-email form-control\" aria-required=\"true\" aria-invalid=\"false\" placeholder=\"E-mail\" \/><\/span><\/p>\n<p><span class=\"wpcf7-form-control-wrap\" data-name=\"url\"><input type=\"text\" name=\"url\" value=\"\" size=\"40\" class=\"wpcf7-form-control wpcf7-text form-control\" aria-invalid=\"false\" placeholder=\"Soci\u00e9t\u00e9\" \/><\/span><\/p>\n<p><span class=\"wpcf7-form-control-wrap\" data-name=\"your-message\"><textarea name=\"your-message\" cols=\"100\" rows=\"6\" class=\"wpcf7-form-control wpcf7-textarea wpcf7-validates-as-required form-control\" aria-required=\"true\" aria-invalid=\"false\" placeholder=\"Demande\"><\/textarea><\/span><\/p>\n<p><span class=\"wpcf7-form-control-wrap\" data-name=\"acceptance-196\"><span class=\"wpcf7-form-control wpcf7-acceptance\"><span class=\"wpcf7-list-item\"><label><input type=\"checkbox\" name=\"acceptance-196\" value=\"1\" aria-invalid=\"false\" \/><span class=\"wpcf7-list-item-label\"><a href=\"..\/policy\"> Je donne mon accord du traitment de mes donn\u00e9es personnelles. Lis l\u2019 accord informative.<\/a><\/span><\/label><\/span><\/span><\/span><\/p>\n<p class=\"btn-send\"><input type=\"submit\" value=\"Envoye ton message\" class=\"wpcf7-form-control has-spinner wpcf7-submit btn btn-primary\" \/><\/p>\n<\/div>\n<\/div>\n<\/div>\n<div class=\"wpcf7-response-output\" aria-hidden=\"true\"><\/div><\/form><\/div>[\/vc_column][vc_column width=\u00a0\u00bb1\/3&Prime; css=\u00a0\u00bb.vc_custom_1507862543584{margin-bottom: 30px !important;}\u00a0\u00bb][vc_column_text css=\u00a0\u00bb.vc_custom_1538146611081{padding-left: 0px !important;}\u00a0\u00bb]<\/p>\n<h4>Forwarding &amp; Logistic Srl<\/h4>\n<p>BUREAUX<br \/>\nVia del Passatore, 107 \u2013 41011 Campogalliano (Modena)<br \/>\nTel : +39 059 851.088<br \/>\nFax : +39 059 851.215<br \/>\nE-mail: info@forw-log.com<\/p>\n<p>ENTREP\u00d4TS<br \/>\nVia Zamboni, 30 \u2013 41011 Campogalliano (Modena)<br \/>\nTel : +39 059 527.351<br \/>\nE-mail: logistic@forw-log.com[\/vc_column_text][cms_social options=\u00a0\u00bb%5B%7B%22social_link%22%3A%22https%3A%2F%2Fwww.facebook.com%2Fforwlog%22%2C%22icon_class%22%3A%22fa%20fa-facebook%22%7D%2C%7B%22social_link%22%3A%22https%3A%2F%2Fwww.linkedin.com%2Fcompany%2Fforw-log%22%2C%22icon_class%22%3A%22fa%20fa-linkedin%22%7D%5D\u00a0\u00bb][\/vc_column][\/vc_row][vc_row full_width=\u00a0\u00bbstretch_row_content_no_spaces\u00a0\u00bb css_animation=\u00a0\u00bbfadeIn\u00a0\u00bb css=\u00a0\u00bb.vc_custom_1537977534909{margin-bottom: 0px !important;}\u00a0\u00bb][vc_column][vc_column_text]<iframe loading=\"lazy\" style=\"border: 0;\" src=\"https:\/\/www.google.com\/maps\/embed?pb=!1m18!1m12!1m3!1d2836.695340290493!2d10.850666416055711!3d44.68500089311509!2m3!1f0!2f0!3f0!3m2!1i1024!2i768!4f13.1!3m3!1m2!1s0x477ff1c0a2a02d7b%3A0xb02bb67a06f65785!2sVia+del+Passatore%2C+107%2C+41011+Campogalliano+MO!5e0!3m2!1sit!2sit!4v1537977445235\" width=\"100%\" height=\"400\" frameborder=\"0\" allowfullscreen=\"allowfullscreen\"><\/iframe>[\/vc_column_text][\/vc_column][\/vc_row]<\/p>\n","protected":false},"excerpt":{"rendered":"<p>[vc_row css_animation=\u00a0\u00bbfadeIn\u00a0\u00bb css=\u00a0\u00bb.vc_custom_1507862535303{padding-bottom: 45px !important;}\u00a0\u00bb][vc_column width=\u00a0\u00bb2\/3&Prime; css=\u00a0\u00bb.vc_custom_1507862510385{margin-bottom: 30px !important;}\u00a0\u00bb][vc_custom_heading text=\u00a0\u00bbENVOYE TON DEMANDE\u00a0\u00bb font_container=\u00a0\u00bbtag:h3|text_align:left\u00a0\u00bb use_theme_fonts=\u00a0\u00bbyes\u00a0\u00bb][vc_column_text]Nous faisons appel \u00e0 des cabinets de courtage exp\u00e9riment\u00e9s sp\u00e9cialis\u00e9s dans le courtage et la gestion des couvertures d&rsquo;assurance, avec lesquels nous r\u00e9alisons des \u00e9tudes pour identifier les solutions optimales et personnalis\u00e9es \u00e0 la recherche des meilleurs produits sur le march\u00e9, tant<\/p>\n","protected":false},"author":1,"featured_media":0,"parent":0,"menu_order":0,"comment_status":"closed","ping_status":"closed","template":"","meta":[],"_links":{"self":[{"href":"https:\/\/www.forw-log.com\/fr\/wp-json\/wp\/v2\/pages\/1984"}],"collection":[{"href":"https:\/\/www.forw-log.com\/fr\/wp-json\/wp\/v2\/pages"}],"about":[{"href":"https:\/\/www.forw-log.com\/fr\/wp-json\/wp\/v2\/types\/page"}],"author":[{"embeddable":true,"href":"https:\/\/www.forw-log.com\/fr\/wp-json\/wp\/v2\/users\/1"}],"replies":[{"embeddable":true,"href":"https:\/\/www.forw-log.com\/fr\/wp-json\/wp\/v2\/comments?post=1984"}],"version-history":[{"count":5,"href":"https:\/\/www.forw-log.com\/fr\/wp-json\/wp\/v2\/pages\/1984\/revisions"}],"predecessor-version":[{"id":1993,"href":"https:\/\/www.forw-log.com\/fr\/wp-json\/wp\/v2\/pages\/1984\/revisions\/1993"}],"wp:attachment":[{"href":"https:\/\/www.forw-log.com\/fr\/wp-json\/wp\/v2\/media?parent=1984"}],"curies":[{"name":"wp","href":"https:\/\/api.w.org\/{rel}","templated":true}]}}