{"id":2123,"date":"2017-10-25T17:00:52","date_gmt":"2017-10-25T16:00:52","guid":{"rendered":"http:\/\/www.forw-log.com\/home-3\/"},"modified":"2018-10-01T15:17:03","modified_gmt":"2018-10-01T13:17:03","slug":"home-3","status":"publish","type":"page","link":"https:\/\/www.forw-log.com\/es\/","title":{"rendered":"Home Page"},"content":{"rendered":"<p>[vc_row][vc_column][rev_slider_vc alias=\u00bbhome-es\u00bb][\/vc_column][\/vc_row][vc_row full_width=\u00bbstretch_row\u00bb css_animation=\u00bbfadeIn\u00bb css=\u00bb.vc_custom_1537947782437{padding-top: 30px !important;padding-bottom: 0px !important;background-color: #f0f0f0 !important;}\u00bb][vc_column css=\u00bb.vc_custom_1508682303495{padding-bottom: 25px !important;}\u00bb][cms_custom_heading add_border=\u00bb1&#8243; element_tag=\u00bbH3&#8243; title=\u00bbPOR QU\u00c9 ELEGIR FORWARDING &#038; LOGISTIC\u00bb][\/vc_column][\/vc_row][vc_row css_animation=\u00bbfadeInDown\u00bb css=\u00bb.vc_custom_1522465803167{margin-bottom: 15px !important;padding-top: 45px !important;}\u00bb][vc_column width=\u00bb1\/3&#8243; css=\u00bb.vc_custom_1508555782010{margin-bottom: 30px !important;}\u00bb][cms_fancybox_single fancy_style=\u00bbstyle-1&#8243; title_item=\u00bbMAR\u00bb box_shadow=\u00bbtrue\u00bb button_text=\u00bbRead More\u00bb cms_template=\u00bbcms_fancybox_single.php\u00bb image=\u00bb1746&#8243; link=\u00bburl:http%3A%2F%2Fwww.forw-log.com%2Fes%2Fmare%2F|title:Continuar%20leyendo||\u00bb description_item=\u00bbEnviamos todos los tipos de mercanc\u00eda aprovech\u00e1ndonos de primarias compa\u00f1\u00edas mar\u00edtimas &#8230;\u00bb][\/vc_column][vc_column width=\u00bb1\/3&#8243; css=\u00bb.vc_custom_1508555789869{margin-bottom: 30px !important;}\u00bb][cms_fancybox_single fancy_style=\u00bbstyle-1&#8243; title_item=\u00bbAVI\u00d3N\u00bb box_shadow=\u00bbtrue\u00bb button_text=\u00bbRead More\u00bb cms_template=\u00bbcms_fancybox_single.php\u00bb image=\u00bb1752&#8243; link=\u00bburl:http%3A%2F%2Fwww.forw-log.com%2Fes%2Faereo%2F|title:Continuar%20leyendo||\u00bb description_item=\u00bbTenemos la posibilidad de seleccionar entre la multiplicidad de Compa\u00f1\u00edas A\u00e9reas y millares de vuelos &#8230;\u00bb][\/vc_column][vc_column width=\u00bb1\/3&#8243; css=\u00bb.vc_custom_1508555797067{margin-bottom: 30px !important;}\u00bb][cms_fancybox_single fancy_style=\u00bbstyle-1&#8243; title_item=\u00bbTIERRA\u00bb box_shadow=\u00bbtrue\u00bb button_text=\u00bbRead More\u00bb cms_template=\u00bbcms_fancybox_single.php\u00bb description_item=\u00bbSomos especializados en el servicio groupaje con resa DDP y DDU con salidas bisemanales &#8230;\u00bb image=\u00bb1764&#8243; link=\u00bburl:http%3A%2F%2Fwww.forw-log.com%2Fes%2Fterra%2F|title:Continuar%20leyendo||\u00bb][\/vc_column][\/vc_row][vc_row css_animation=\u00bbfadeInDown\u00bb css=\u00bb.vc_custom_1522465803167{margin-bottom: 15px !important;padding-top: 45px !important;}\u00bb][vc_column width=\u00bb1\/3&#8243; css=\u00bb.vc_custom_1508555782010{margin-bottom: 30px !important;}\u00bb][cms_fancybox_single fancy_style=\u00bbstyle-1&#8243; title_item=\u00bbLOG\u00cdSTICA\u00bb box_shadow=\u00bbtrue\u00bb button_text=\u00bbRead More\u00bb cms_template=\u00bbcms_fancybox_single.php\u00bb image=\u00bb1760&#8243; link=\u00bburl:http%3A%2F%2Fwww.forw-log.com%2Fes%2Flogistica%2F|title:Continuar%20leyendo||\u00bb description_item=\u00bbDe nuestra plataforma log\u00edstica de Campogalliano tenemos el gusto de ofrecervos los m\u00faltiples servicios &#8230;\u00bb][\/vc_column][vc_column width=\u00bb1\/3&#8243; css=\u00bb.vc_custom_1508555789869{margin-bottom: 30px !important;}\u00bb][cms_fancybox_single fancy_style=\u00bbstyle-1&#8243; title_item=\u00bbSEGURO\u00bb box_shadow=\u00bbtrue\u00bb button_text=\u00bbRead More\u00bb cms_template=\u00bbcms_fancybox_single.php\u00bb link=\u00bburl:http%3A%2F%2Fwww.forw-log.com%2Fes%2Fassicurazione-merci%2F|title:Continuar%20leyendo||\u00bb image=\u00bb1769&#8243; description_item=\u00bbNos valemos de expertas sociedades de brokeraje especializadas en la intermediaci\u00f3n y gesti\u00f3n de las coberturas &#8230;\u00bb][\/vc_column][vc_column width=\u00bb1\/3&#8243; css=\u00bb.vc_custom_1508555797067{margin-bottom: 30px !important;}\u00bb][\/vc_column][\/vc_row][vc_row full_width=\u00bbstretch_row\u00bb css_animation=\u00bbfadeIn\u00bb css=\u00bb.vc_custom_1538035511521{padding-top: 30px !important;padding-bottom: 50px !important;background-color: #f0f0f0 !important;}\u00bb][vc_column css=\u00bb.vc_custom_1508832079896{margin-top: 30px !important;}\u00bb][cms_custom_heading add_border=\u00bb1&#8243; element_tag=\u00bbH3&#8243; title=\u00bbNOTICIAS\u00bb][cms_grid col_xs=\u00bb1&#8243; col_sm=\u00bb2&#8243; col_md=\u00bb3&#8243; col_lg=\u00bb3&#8243; show_patination=\u00bb\u00bb source=\u00bbsize:3|order_by:date|post_type:post\u00bb cms_template=\u00bbcms_grid&#8211;blog.php\u00bb][\/vc_column][\/vc_row][vc_row full_width=\u00bbstretch_row\u00bb css_animation=\u00bbfadeIn\u00bb overlay_opacity=\u00bbtrue\u00bb css=\u00bb.vc_custom_1538034204084{padding-top: 50px !important;padding-bottom: 65px !important;background: rgba(0,0,0,0.7) url(http:\/\/www.forw-log.com\/wp-content\/uploads\/2018\/09\/FORWARDING-SERVICE.jpg?id=1682) !important;background-position: center !important;background-repeat: no-repeat !important;background-size: cover !important;*background-color: rgb(0,0,0) !important;}\u00bb][vc_column][vc_row_inner][vc_column_inner][vc_custom_heading text=\u00bbSOLICITE UNA COTIZACI\u00d3N O INFORMACI\u00d3N SOBRE NUESTROS SERVICIOS\u00bb font_container=\u00bbtag:h3|text_align:left|color:%23ffffff\u00bb use_theme_fonts=\u00bbyes\u00bb css=\u00bb.vc_custom_1538398797984{margin-bottom: 15px !important;}\u00bb][vc_column_text]<\/p>\n<p style=\"text-align: left;\">\u00bfLe gustar\u00eda recibir informaci\u00f3n de uno de nuestros consultores de negocios?<br \/>\nSolo env\u00edenos sus datos y nos pondremos en contacto con usted lo antes posible.<\/p>\n<p>[\/vc_column_text]<div role=\"form\" class=\"wpcf7\" id=\"wpcf7-f1990-o1\" lang=\"it-IT\" dir=\"ltr\">\n<div class=\"screen-reader-response\"><p role=\"status\" aria-live=\"polite\" aria-atomic=\"true\"><\/p> <ul><\/ul><\/div>\n<form action=\"\/es\/wp-json\/wp\/v2\/pages\/2123#wpcf7-f1990-o1\" method=\"post\" class=\"wpcf7-form init\" novalidate=\"novalidate\" data-status=\"init\">\n<div style=\"display: none;\">\n<input type=\"hidden\" name=\"_wpcf7\" value=\"1990\" \/>\n<input type=\"hidden\" name=\"_wpcf7_version\" value=\"5.6.4\" \/>\n<input type=\"hidden\" name=\"_wpcf7_locale\" value=\"it_IT\" \/>\n<input type=\"hidden\" name=\"_wpcf7_unit_tag\" value=\"wpcf7-f1990-o1\" \/>\n<input type=\"hidden\" name=\"_wpcf7_container_post\" value=\"0\" \/>\n<input type=\"hidden\" name=\"_wpcf7_posted_data_hash\" value=\"\" \/>\n<input type=\"hidden\" name=\"_wpcf7_recaptcha_response\" value=\"\" \/>\n<\/div>\n<div class=\"contact-form\">\n<div class=\"row\">\n<div class=\"col-xs-12 col-sm-6 col-md-6 col-lg-6\">\n<p><span class=\"wpcf7-form-control-wrap\" data-name=\"your-name\"><input type=\"text\" name=\"your-name\" value=\"\" size=\"40\" class=\"wpcf7-form-control wpcf7-text wpcf7-validates-as-required form-control\" aria-required=\"true\" aria-invalid=\"false\" placeholder=\"Nombre\" \/><\/span> <\/p>\n<p><span class=\"wpcf7-form-control-wrap\" data-name=\"your-email\"><input type=\"email\" name=\"your-email\" value=\"\" size=\"40\" class=\"wpcf7-form-control wpcf7-text wpcf7-email wpcf7-validates-as-required wpcf7-validates-as-email form-control\" aria-required=\"true\" aria-invalid=\"false\" placeholder=\"Email\" \/><\/span><\/p>\n<p><span class=\"wpcf7-form-control-wrap\" data-name=\"url\"><input type=\"text\" name=\"url\" value=\"\" size=\"40\" class=\"wpcf7-form-control wpcf7-text form-control\" aria-invalid=\"false\" placeholder=\"Tel\u00e9fono\" \/><\/span><\/p>\n<\/div>\n<div class=\"col-xs-12 col-sm-6 col-md-6 col-lg-6\">\n<p><span class=\"wpcf7-form-control-wrap\" data-name=\"your-message\"><textarea name=\"your-message\" cols=\"100\" rows=\"6\" class=\"wpcf7-form-control wpcf7-textarea wpcf7-validates-as-required form-control\" aria-required=\"true\" aria-invalid=\"false\" placeholder=\"Notas\"><\/textarea><\/span><\/p>\n<\/div>\n<div class=\"col-xs-12 col-sm-12 col-md-12 col-lg-12\">\n<p><span class=\"wpcf7-form-control-wrap\" data-name=\"acceptance-196\"><span class=\"wpcf7-form-control wpcf7-acceptance\"><span class=\"wpcf7-list-item\"><label><input type=\"checkbox\" name=\"acceptance-196\" value=\"1\" aria-invalid=\"false\" \/><span class=\"wpcf7-list-item-label\"><a href=\"..\/policy\"> Estoy de acuerdo en el tratamiento de la  Privacidad.<\/a><\/span><\/label><\/span><\/span><\/span><\/p>\n<p class=\"btn-send\"><input type=\"submit\" value=\"Enviar el mensaje\" class=\"wpcf7-form-control has-spinner wpcf7-submit btn btn-primary\" \/><\/p>\n<\/div>\n<\/div>\n<\/div>\n<div class=\"wpcf7-response-output\" aria-hidden=\"true\"><\/div><\/form><\/div>[\/vc_column_inner][\/vc_row_inner][\/vc_column][\/vc_row]<\/p>\n","protected":false},"excerpt":{"rendered":"<p>[vc_row][vc_column][rev_slider_vc alias=\u00bbhome-es\u00bb][\/vc_column][\/vc_row][vc_row full_width=\u00bbstretch_row\u00bb css_animation=\u00bbfadeIn\u00bb css=\u00bb.vc_custom_1537947782437{padding-top: 30px !important;padding-bottom: 0px !important;background-color: #f0f0f0 !important;}\u00bb][vc_column css=\u00bb.vc_custom_1508682303495{padding-bottom: 25px !important;}\u00bb][cms_custom_heading add_border=\u00bb1&#8243; element_tag=\u00bbH3&#8243; title=\u00bbPOR QU\u00c9 ELEGIR FORWARDING &#038; LOGISTIC\u00bb][\/vc_column][\/vc_row][vc_row css_animation=\u00bbfadeInDown\u00bb css=\u00bb.vc_custom_1522465803167{margin-bottom: 15px !important;padding-top: 45px !important;}\u00bb][vc_column width=\u00bb1\/3&#8243; css=\u00bb.vc_custom_1508555782010{margin-bottom: 30px !important;}\u00bb][cms_fancybox_single fancy_style=\u00bbstyle-1&#8243; title_item=\u00bbMAR\u00bb box_shadow=\u00bbtrue\u00bb button_text=\u00bbRead More\u00bb cms_template=\u00bbcms_fancybox_single.php\u00bb image=\u00bb1746&#8243; link=\u00bburl:http%3A%2F%2Fwww.forw-log.com%2Fes%2Fmare%2F|title:Continuar%20leyendo||\u00bb description_item=\u00bbEnviamos todos los tipos de mercanc\u00eda aprovech\u00e1ndonos de primarias compa\u00f1\u00edas mar\u00edtimas &#8230;\u00bb][\/vc_column][vc_column width=\u00bb1\/3&#8243; css=\u00bb.vc_custom_1508555789869{margin-bottom: 30px<\/p>\n","protected":false},"author":1,"featured_media":0,"parent":0,"menu_order":0,"comment_status":"closed","ping_status":"closed","template":"","meta":[],"_links":{"self":[{"href":"https:\/\/www.forw-log.com\/es\/wp-json\/wp\/v2\/pages\/2123"}],"collection":[{"href":"https:\/\/www.forw-log.com\/es\/wp-json\/wp\/v2\/pages"}],"about":[{"href":"https:\/\/www.forw-log.com\/es\/wp-json\/wp\/v2\/types\/page"}],"author":[{"embeddable":true,"href":"https:\/\/www.forw-log.com\/es\/wp-json\/wp\/v2\/users\/1"}],"replies":[{"embeddable":true,"href":"https:\/\/www.forw-log.com\/es\/wp-json\/wp\/v2\/comments?post=2123"}],"version-history":[{"count":6,"href":"https:\/\/www.forw-log.com\/es\/wp-json\/wp\/v2\/pages\/2123\/revisions"}],"predecessor-version":[{"id":2148,"href":"https:\/\/www.forw-log.com\/es\/wp-json\/wp\/v2\/pages\/2123\/revisions\/2148"}],"wp:attachment":[{"href":"https:\/\/www.forw-log.com\/es\/wp-json\/wp\/v2\/media?parent=2123"}],"curies":[{"name":"wp","href":"https:\/\/api.w.org\/{rel}","templated":true}]}}