{"id":2111,"date":"2018-03-29T08:00:18","date_gmt":"2018-03-29T06:00:18","guid":{"rendered":"http:\/\/www.forw-log.com\/mare\/"},"modified":"2018-10-01T14:26:31","modified_gmt":"2018-10-01T12:26:31","slug":"mare","status":"publish","type":"page","link":"https:\/\/www.forw-log.com\/es\/mare\/","title":{"rendered":"Mar"},"content":{"rendered":"<p>[vc_row][vc_column][rev_slider_vc alias=\u00bbmare\u00bb][\/vc_column][\/vc_row][vc_row full_width=\u00bbstretch_row\u00bb css_animation=\u00bbfadeIn\u00bb css=\u00bb.vc_custom_1522461421304{padding-top: 60px !important;background-color: #f5f5f5 !important;}\u00bb][vc_column offset=\u00bbvc_col-lg-8&#8243; css=\u00bb.vc_custom_1522315152358{margin-bottom: 30px !important;}\u00bb][cms_custom_heading add_border=\u00bb1&#8243; element_tag=\u00bbH1&#8243; ttext-align=\u00bbtext-left\u00bb title=\u00bbENV\u00cdOS POR MAR\u00bb css=\u00bb.vc_custom_1538396617012{margin-bottom: 20px !important;}\u00bb][\/vc_column][\/vc_row][vc_row full_width=\u00bbstretch_row\u00bb css_animation=\u00bbfadeIn\u00bb css=\u00bb.vc_custom_1522461431146{padding-bottom: 50px !important;background-color: #f5f5f5 !important;}\u00bb][vc_column width=\u00bb2\/3&#8243; css=\u00bb.vc_custom_1522307815818{margin-bottom: 30px !important;}\u00bb][vc_row_inner][vc_column_inner width=\u00bb1\/2&#8243;][cms_fancybox_single fancy_style=\u00bbstyle-2&#8243; icon_fontawesome=\u00bbfa fa-ship\u00bb title_item=\u00bbFCL\u00bb icon_left=\u00bb1&#8243; description_item=\u00bbEnviamos todos los tipos de mercanc\u00eda aprovech\u00e1ndonos de primarias compa\u00f1\u00edas mar\u00edtimas.\u00bb][\/vc_column_inner][vc_column_inner width=\u00bb1\/2&#8243;][cms_fancybox_single fancy_style=\u00bbstyle-2&#8243; icon_fontawesome=\u00bbfa fa-ship\u00bb title_item=\u00bbCONTENEDORES REFRIGERADOS \u00bb icon_left=\u00bb1&#8243; description_item=\u00bbEstamos capaz de gestionar cualquier tipo de env\u00edo del Open Top al Flat Rack controlando del momento de la carga al destino final.\u00bb][\/vc_column_inner][\/vc_row_inner][vc_row_inner][vc_column_inner width=\u00bb1\/2&#8243;][cms_fancybox_single fancy_style=\u00bbstyle-2&#8243; icon_fontawesome=\u00bbfa fa-ship\u00bb title_item=\u00bbLCL GROUPAGE\u00bb icon_left=\u00bb1&#8243; description_item=\u00bbConsolidamos en nuestra plataforma log\u00edstica de Campogalliano contenidor grupage con tipolog\u00edas de mercanc\u00edas diferentes por muchos destinos de \u00c1frica.\u00bb][\/vc_column_inner][vc_column_inner width=\u00bb1\/2&#8243;][cms_fancybox_single fancy_style=\u00bbstyle-2&#8243; icon_fontawesome=\u00bbfa fa-ship\u00bb title_item=\u00bbCONTENEDORES SOBRE DIMENCIONADOS \u00bb icon_left=\u00bb1&#8243; description_item=\u00bbEstamos capaz de gestionar cualquier tipo de env\u00edo del Open Top al Flat Rack controlando del momento de la carga al destino final.\u00bb][\/vc_column_inner][\/vc_row_inner][vc_row_inner][vc_column_inner width=\u00bb1\/2&#8243;][cms_fancybox_single fancy_style=\u00bbstyle-2&#8243; icon_fontawesome=\u00bbfa fa-ship\u00bb title_item=\u00bbDOOR TO DOOR\u00bb icon_left=\u00bb1&#8243; description_item=\u00bbUtilizado nuestra red de despachos y agentes estamos capaz de entregar la mercanc\u00eda hasta el almac\u00e9n del receptor final tambi\u00e9n incluyendo la eventual operaci\u00f3n de aduana DDP en los complicados pa\u00edses dell&#8217; \u00c1frica y Centro Am\u00e9rica.\u00bb][\/vc_column_inner][vc_column_inner width=\u00bb1\/2&#8243;][cms_fancybox_single fancy_style=\u00bbstyle-2&#8243; icon_fontawesome=\u00bbfa fa-ship\u00bb title_item=\u00bbRO-RO\u00bb icon_left=\u00bb1&#8243; description_item=\u00bbDesde siempre \u00c1frica tiene una gran solicitud de material rodante, autom\u00f3viles, cami\u00f3n, equipos por tierra. Aprovech\u00e1ndonos de nuestras empresas estamos capaz de transportar \u00e9stos rodante si no se auto marcha directamente al terminal de embarco.\u00bb][\/vc_column_inner][\/vc_row_inner][\/vc_column][vc_column width=\u00bb1\/3&#8243;][vc_gallery type=\u00bbimage_grid\u00bb images=\u00bb1898,1902,1894,1890&#8243; img_size=\u00bbmedium\u00bb onclick=\u00bb\u00bb][\/vc_column][\/vc_row][vc_row][vc_column][vc_cta h2=\u00bbCont\u00e1ctenos y solicite un presupuesto de nuestros servicios sin compromiso\u00bb style=\u00bbcustom\u00bb add_button=\u00bbright\u00bb btn_title=\u00bbCONTACTO\u00bb custom_background=\u00bb#006db7&#8243; custom_text=\u00bb#ffffff\u00bb btn_link=\u00bburl:http%3A%2F%2Fwww.forw-log.com%2Fes%2Fcontatta-forwarding-logistic%2F|||\u00bb][\/vc_cta][\/vc_column][\/vc_row][vc_row css_animation=\u00bbfadeIn\u00bb css=\u00bb.vc_custom_1522461447776{padding-top: 60px !important;}\u00bb][vc_column][vc_row_inner][vc_column_inner offset=\u00bbvc_col-lg-offset-2 vc_col-lg-8&#8243; css=\u00bb.vc_custom_1522314123795{margin-bottom: 20px !important;}\u00bb][cms_custom_heading add_border=\u00bb1&#8243; element_tag=\u00bbH1&#8243; title=\u00bbNOTICIAS\u00bb css=\u00bb.vc_custom_1538396459432{margin-bottom: 20px !important;}\u00bb][\/vc_column_inner][\/vc_row_inner][vc_row_inner][vc_column_inner][cms_carousel xsmall_items=\u00bb1&#8243; small_items=\u00bb2&#8243; medium_items=\u00bb3&#8243; large_items=\u00bb3&#8243; margin=\u00bb30&#8243; nav=\u00bbfalse\u00bb dots=\u00bbfalse\u00bb source=\u00bbsize:10|order_by:date|post_type:post\u00bb cms_template=\u00bbcms_carousel.php\u00bb][\/vc_column_inner][\/vc_row_inner][\/vc_column][\/vc_row]<\/p>\n","protected":false},"excerpt":{"rendered":"<p>[vc_row][vc_column][rev_slider_vc alias=\u00bbmare\u00bb][\/vc_column][\/vc_row][vc_row full_width=\u00bbstretch_row\u00bb css_animation=\u00bbfadeIn\u00bb css=\u00bb.vc_custom_1522461421304{padding-top: 60px !important;background-color: #f5f5f5 !important;}\u00bb][vc_column offset=\u00bbvc_col-lg-8&#8243; css=\u00bb.vc_custom_1522315152358{margin-bottom: 30px !important;}\u00bb][cms_custom_heading add_border=\u00bb1&#8243; element_tag=\u00bbH1&#8243; ttext-align=\u00bbtext-left\u00bb title=\u00bbENV\u00cdOS POR MAR\u00bb css=\u00bb.vc_custom_1538396617012{margin-bottom: 20px !important;}\u00bb][\/vc_column][\/vc_row][vc_row full_width=\u00bbstretch_row\u00bb css_animation=\u00bbfadeIn\u00bb css=\u00bb.vc_custom_1522461431146{padding-bottom: 50px !important;background-color: #f5f5f5 !important;}\u00bb][vc_column width=\u00bb2\/3&#8243; css=\u00bb.vc_custom_1522307815818{margin-bottom: 30px !important;}\u00bb][vc_row_inner][vc_column_inner width=\u00bb1\/2&#8243;][cms_fancybox_single fancy_style=\u00bbstyle-2&#8243; icon_fontawesome=\u00bbfa fa-ship\u00bb title_item=\u00bbFCL\u00bb icon_left=\u00bb1&#8243; description_item=\u00bbEnviamos todos los tipos de mercanc\u00eda aprovech\u00e1ndonos de primarias compa\u00f1\u00edas mar\u00edtimas.\u00bb][\/vc_column_inner][vc_column_inner width=\u00bb1\/2&#8243;][cms_fancybox_single fancy_style=\u00bbstyle-2&#8243; icon_fontawesome=\u00bbfa fa-ship\u00bb title_item=\u00bbCONTENEDORES<\/p>\n","protected":false},"author":1,"featured_media":0,"parent":0,"menu_order":0,"comment_status":"closed","ping_status":"closed","template":"","meta":[],"_links":{"self":[{"href":"https:\/\/www.forw-log.com\/es\/wp-json\/wp\/v2\/pages\/2111"}],"collection":[{"href":"https:\/\/www.forw-log.com\/es\/wp-json\/wp\/v2\/pages"}],"about":[{"href":"https:\/\/www.forw-log.com\/es\/wp-json\/wp\/v2\/types\/page"}],"author":[{"embeddable":true,"href":"https:\/\/www.forw-log.com\/es\/wp-json\/wp\/v2\/users\/1"}],"replies":[{"embeddable":true,"href":"https:\/\/www.forw-log.com\/es\/wp-json\/wp\/v2\/comments?post=2111"}],"version-history":[{"count":3,"href":"https:\/\/www.forw-log.com\/es\/wp-json\/wp\/v2\/pages\/2111\/revisions"}],"predecessor-version":[{"id":2120,"href":"https:\/\/www.forw-log.com\/es\/wp-json\/wp\/v2\/pages\/2111\/revisions\/2120"}],"wp:attachment":[{"href":"https:\/\/www.forw-log.com\/es\/wp-json\/wp\/v2\/media?parent=2111"}],"curies":[{"name":"wp","href":"https:\/\/api.w.org\/{rel}","templated":true}]}}