{"id":2110,"date":"2018-09-27T16:54:25","date_gmt":"2018-09-27T14:54:25","guid":{"rendered":"http:\/\/www.forw-log.com\/logistica\/"},"modified":"2018-12-04T18:23:58","modified_gmt":"2018-12-04T17:23:58","slug":"logistica","status":"publish","type":"page","link":"https:\/\/www.forw-log.com\/es\/logistica\/","title":{"rendered":"Log\u00edstica"},"content":{"rendered":"<p>[vc_row][vc_column][rev_slider_vc alias=\u00bblogistica\u00bb][\/vc_column][\/vc_row][vc_row full_width=\u00bbstretch_row\u00bb css_animation=\u00bbfadeIn\u00bb css=\u00bb.vc_custom_1522461421304{padding-top: 60px !important;background-color: #f5f5f5 !important;}\u00bb][vc_column offset=\u00bbvc_col-lg-8&#8243; css=\u00bb.vc_custom_1522315152358{margin-bottom: 30px !important;}\u00bb][cms_custom_heading add_border=\u00bb1&#8243; element_tag=\u00bbH1&#8243; ttext-align=\u00bbtext-left\u00bb title=\u00bbDe nuestra plataforma log\u00edstica de Campogalliano tenemos el gusto de ofrecervos los m\u00faltiples servicios:\u00bb css=\u00bb.vc_custom_1543944234744{margin-bottom: 20px !important;}\u00bb][\/vc_column][\/vc_row][vc_row full_width=\u00bbstretch_row\u00bb css_animation=\u00bbfadeIn\u00bb css=\u00bb.vc_custom_1522461431146{padding-bottom: 50px !important;background-color: #f5f5f5 !important;}\u00bb][vc_column width=\u00bb2\/3&#8243; css=\u00bb.vc_custom_1522307815818{margin-bottom: 30px !important;}\u00bb][vc_row_inner][vc_column_inner width=\u00bb1\/2&#8243;][cms_fancybox_single fancy_style=\u00bbstyle-2&#8243; icon_fontawesome=\u00bbfa fa-dropbox\u00bb title_item=\u00bbETIQUETADO Y PROGRAMA GESTIONAL\u00bb icon_left=\u00bb1&#8243; description_item=\u00bbEtiquetado y empleo del programa gestional por el control de vuestras mercanc\u00edas\u00bb][\/vc_column_inner][vc_column_inner width=\u00bb1\/2&#8243;][cms_fancybox_single fancy_style=\u00bbstyle-2&#8243; icon_fontawesome=\u00bbfa fa-dropbox\u00bb title_item=\u00bbPESAJES DE LAS MERCANCIAS\u00bb icon_left=\u00bb1&#8243; description_item=\u00bbPesajes de las mercanc\u00edas de la peque\u00f1a caja a aquel de grandes dimensiones\u00bb][\/vc_column_inner][\/vc_row_inner][vc_row_inner][vc_column_inner width=\u00bb1\/2&#8243;][cms_fancybox_single fancy_style=\u00bbstyle-2&#8243; icon_fontawesome=\u00bbfa fa-dropbox\u00bb title_item=\u00bbLOG\u00cdSTICA A LARGO PLAZO\u00bb icon_left=\u00bb1&#8243; description_item=\u00bbLog\u00edstica a largo plazo de vuestras mercanc\u00edas en un \u00e1rea completamente a vosotros dedicados\u00bb][\/vc_column_inner][vc_column_inner width=\u00bb1\/2&#8243;][cms_fancybox_single fancy_style=\u00bbstyle-2&#8243; icon_fontawesome=\u00bbfa fa-dropbox\u00bb title_item=\u00bbEMBALAJES DE MADERA\u00bb icon_left=\u00bb1&#8243; description_item=\u00bbEmbalajes de madera a la medida construida por los env\u00edos de vuestras mercanc\u00edas\u00bb][\/vc_column_inner][\/vc_row_inner][vc_row_inner][vc_column_inner width=\u00bb1\/2&#8243;][cms_fancybox_single fancy_style=\u00bbstyle-2&#8243; icon_fontawesome=\u00bbfa fa-dropbox\u00bb title_item=\u00bbRETIRADA\u00bb icon_left=\u00bb1&#8243; description_item=\u00bbRetirada de vuestras mercanc\u00edas con nuestros automotriz, y furgones a precios extremadamente competitivos\u00bb][\/vc_column_inner][vc_column_inner width=\u00bb1\/2&#8243;][\/vc_column_inner][\/vc_row_inner][\/vc_column][vc_column width=\u00bb1\/3&#8243;][vc_single_image image=\u00bb1836&#8243; img_size=\u00bblarge\u00bb css_animation=\u00bbfadeInRight\u00bb css=\u00bb.vc_custom_1538060811120{margin-bottom: 0px !important;}\u00bb][vc_single_image image=\u00bb1832&#8243; img_size=\u00bblarge\u00bb css_animation=\u00bbfadeInRight\u00bb css=\u00bb.vc_custom_1538060824647{margin-bottom: 30px !important;}\u00bb][\/vc_column][\/vc_row][vc_row][vc_column][vc_cta h2=\u00bbCont\u00e1ctenos y solicite un presupuesto de nuestros servicios sin compromiso\u00bb style=\u00bbcustom\u00bb add_button=\u00bbright\u00bb btn_title=\u00bbCONTACTO\u00bb custom_background=\u00bb#006db7&#8243; custom_text=\u00bb#ffffff\u00bb btn_link=\u00bburl:http%3A%2F%2Fwww.forw-log.com%2Fes%2Fcontatta-forwarding-logistic%2F|||\u00bb][\/vc_cta][\/vc_column][\/vc_row][vc_row css_animation=\u00bbfadeIn\u00bb css=\u00bb.vc_custom_1522461447776{padding-top: 60px !important;}\u00bb][vc_column][vc_row_inner][vc_column_inner offset=\u00bbvc_col-lg-offset-2 vc_col-lg-8&#8243; css=\u00bb.vc_custom_1522314123795{margin-bottom: 20px !important;}\u00bb][cms_custom_heading add_border=\u00bb1&#8243; element_tag=\u00bbH1&#8243; title=\u00bbNOTICIAS\u00bb css=\u00bb.vc_custom_1538396409179{margin-bottom: 20px !important;}\u00bb][\/vc_column_inner][\/vc_row_inner][vc_row_inner][vc_column_inner][cms_carousel xsmall_items=\u00bb1&#8243; small_items=\u00bb2&#8243; medium_items=\u00bb3&#8243; large_items=\u00bb3&#8243; margin=\u00bb30&#8243; nav=\u00bbfalse\u00bb dots=\u00bbfalse\u00bb source=\u00bbsize:10|order_by:date|post_type:post\u00bb cms_template=\u00bbcms_carousel.php\u00bb][\/vc_column_inner][\/vc_row_inner][\/vc_column][\/vc_row]<\/p>\n","protected":false},"excerpt":{"rendered":"<p>[vc_row][vc_column][rev_slider_vc alias=\u00bblogistica\u00bb][\/vc_column][\/vc_row][vc_row full_width=\u00bbstretch_row\u00bb css_animation=\u00bbfadeIn\u00bb css=\u00bb.vc_custom_1522461421304{padding-top: 60px !important;background-color: #f5f5f5 !important;}\u00bb][vc_column offset=\u00bbvc_col-lg-8&#8243; css=\u00bb.vc_custom_1522315152358{margin-bottom: 30px !important;}\u00bb][cms_custom_heading add_border=\u00bb1&#8243; element_tag=\u00bbH1&#8243; ttext-align=\u00bbtext-left\u00bb title=\u00bbDe nuestra plataforma log\u00edstica de Campogalliano tenemos el gusto de ofrecervos los m\u00faltiples servicios:\u00bb css=\u00bb.vc_custom_1543944234744{margin-bottom: 20px !important;}\u00bb][\/vc_column][\/vc_row][vc_row full_width=\u00bbstretch_row\u00bb css_animation=\u00bbfadeIn\u00bb css=\u00bb.vc_custom_1522461431146{padding-bottom: 50px !important;background-color: #f5f5f5 !important;}\u00bb][vc_column width=\u00bb2\/3&#8243; css=\u00bb.vc_custom_1522307815818{margin-bottom: 30px !important;}\u00bb][vc_row_inner][vc_column_inner width=\u00bb1\/2&#8243;][cms_fancybox_single fancy_style=\u00bbstyle-2&#8243; icon_fontawesome=\u00bbfa fa-dropbox\u00bb title_item=\u00bbETIQUETADO Y PROGRAMA GESTIONAL\u00bb icon_left=\u00bb1&#8243; description_item=\u00bbEtiquetado y<\/p>\n","protected":false},"author":1,"featured_media":0,"parent":0,"menu_order":0,"comment_status":"closed","ping_status":"closed","template":"","meta":[],"_links":{"self":[{"href":"https:\/\/www.forw-log.com\/es\/wp-json\/wp\/v2\/pages\/2110"}],"collection":[{"href":"https:\/\/www.forw-log.com\/es\/wp-json\/wp\/v2\/pages"}],"about":[{"href":"https:\/\/www.forw-log.com\/es\/wp-json\/wp\/v2\/types\/page"}],"author":[{"embeddable":true,"href":"https:\/\/www.forw-log.com\/es\/wp-json\/wp\/v2\/users\/1"}],"replies":[{"embeddable":true,"href":"https:\/\/www.forw-log.com\/es\/wp-json\/wp\/v2\/comments?post=2110"}],"version-history":[{"count":5,"href":"https:\/\/www.forw-log.com\/es\/wp-json\/wp\/v2\/pages\/2110\/revisions"}],"predecessor-version":[{"id":2294,"href":"https:\/\/www.forw-log.com\/es\/wp-json\/wp\/v2\/pages\/2110\/revisions\/2294"}],"wp:attachment":[{"href":"https:\/\/www.forw-log.com\/es\/wp-json\/wp\/v2\/media?parent=2110"}],"curies":[{"name":"wp","href":"https:\/\/api.w.org\/{rel}","templated":true}]}}