{"id":2098,"date":"2017-09-26T09:32:36","date_gmt":"2017-09-26T08:32:36","guid":{"rendered":"http:\/\/www.forw-log.com\/russia-forwarding\/"},"modified":"2018-10-01T14:10:27","modified_gmt":"2018-10-01T12:10:27","slug":"russia-forwarding","status":"publish","type":"page","link":"https:\/\/www.forw-log.com\/es\/russia-forwarding\/","title":{"rendered":"Empresa"},"content":{"rendered":"<p>[vc_row gap=\u00bb5&#8243; css=\u00bb.vc_custom_1538061940473{padding-top: 60px !important;padding-bottom: 50px !important;}\u00bb][vc_column width=\u00bb1\/2&#8243; css=\u00bb.vc_custom_1538061911276{margin-right: 25px !important;margin-bottom: 30px !important;padding-top: 24px !important;}\u00bb][vc_custom_heading text=\u00bbINTERNATIONAL FREIGHT FORWARDER\u00bb font_container=\u00bbtag:h3|text_align:left\u00bb use_theme_fonts=\u00bbyes\u00bb][vc_empty_space height=\u00bb20px\u00bb][vc_column_text]<\/p>\n<p align=\"justify\">Est\u00e1n lejanos los tiempos en que los galeones zarparon de los puertos de la vieja Europa en busca de suerte en las lejanas Indias y en \u00c1frica. Fueron viajes extenuantes, largos, desaforadamente a veces sin vuelta porque las adversidad clim\u00e1ticas hundieron los galeones y sus cargas o peor fueron tomados de asalto por los piratas. El transporte siempre estuvo a alto riesgo sobre todo los viajes en aquellas apartadas y remotas \u00e1reas de \u00c1frica todo de explorar y llenas de insidias.<br \/>\nNo existieron transportes seguros o mejores seguros sobre las mercanc\u00edas, se apel\u00f3 solamente la buena suerte y a la habilidad de expertos capit\u00e1nes que escudri\u00f1ando las estrellas buscaron rutas seguras para llevar en salvos barcos, mercanc\u00edas y tripulaciones.<\/p>\n<p align=\"justify\">Hoy la aldea multi global en que vivimos ha llevado a facilitar cada tipo de transporte, de aquel mar\u00edtimo a aquel avi\u00f3n con barcos veloces que surcan los oc\u00e9anos demediando los tiempos de tr\u00e1nsito y aviones cargo planeados para cargar cualquier tipo de mercanc\u00eda, adem\u00e1s con las modernas tecnolog\u00edas inform\u00e1ticas la mercanc\u00eda es continuamente localizable.<\/p>\n<p>[\/vc_column_text][\/vc_column][vc_column width=\u00bb1\/2&#8243; css=\u00bb.vc_custom_1507708869193{margin-bottom: 30px !important;}\u00bb][vc_empty_space height=\u00bb80px\u00bb][vc_column_text]<\/p>\n<h4 align=\"justify\">Forwarding &amp; Logistic es una din\u00e1mica sociedad de transporte internacionales con un veinte\u00f1al experiencia empresarial maturada en el sector de los transportes con focus en \u00c1frica donde nuestra experiencia ha llevado a crear una red de despachos y agentes exclusivos.<\/h4>\n<p>[\/vc_column_text][vc_single_image image=\u00bb1883&#8243; img_size=\u00bbmedium\u00bb][\/vc_column][\/vc_row][vc_row][vc_column][vc_cta h2=\u00bbCont\u00e1ctenos y solicite un presupuesto de nuestros servicios sin compromiso\u00bb style=\u00bbcustom\u00bb add_button=\u00bbright\u00bb btn_title=\u00bbCONTACTO\u00bb custom_background=\u00bb#006db7&#8243; custom_text=\u00bb#ffffff\u00bb btn_link=\u00bburl:http%3A%2F%2Fwww.forw-log.com%2Fes%2Fcontatta-forwarding-logistic%2F|||\u00bb][\/vc_cta][\/vc_column][\/vc_row]<\/p>\n","protected":false},"excerpt":{"rendered":"<p>[vc_row gap=\u00bb5&#8243; css=\u00bb.vc_custom_1538061940473{padding-top: 60px !important;padding-bottom: 50px !important;}\u00bb][vc_column width=\u00bb1\/2&#8243; css=\u00bb.vc_custom_1538061911276{margin-right: 25px !important;margin-bottom: 30px !important;padding-top: 24px !important;}\u00bb][vc_custom_heading text=\u00bbINTERNATIONAL FREIGHT FORWARDER\u00bb font_container=\u00bbtag:h3|text_align:left\u00bb use_theme_fonts=\u00bbyes\u00bb][vc_empty_space height=\u00bb20px\u00bb][vc_column_text] Est\u00e1n lejanos los tiempos en que los galeones zarparon de los puertos de la vieja Europa en busca de suerte en las lejanas Indias y en \u00c1frica. Fueron viajes extenuantes, largos, desaforadamente a veces<\/p>\n","protected":false},"author":1,"featured_media":0,"parent":0,"menu_order":0,"comment_status":"closed","ping_status":"closed","template":"","meta":[],"_links":{"self":[{"href":"https:\/\/www.forw-log.com\/es\/wp-json\/wp\/v2\/pages\/2098"}],"collection":[{"href":"https:\/\/www.forw-log.com\/es\/wp-json\/wp\/v2\/pages"}],"about":[{"href":"https:\/\/www.forw-log.com\/es\/wp-json\/wp\/v2\/types\/page"}],"author":[{"embeddable":true,"href":"https:\/\/www.forw-log.com\/es\/wp-json\/wp\/v2\/users\/1"}],"replies":[{"embeddable":true,"href":"https:\/\/www.forw-log.com\/es\/wp-json\/wp\/v2\/comments?post=2098"}],"version-history":[{"count":3,"href":"https:\/\/www.forw-log.com\/es\/wp-json\/wp\/v2\/pages\/2098\/revisions"}],"predecessor-version":[{"id":2101,"href":"https:\/\/www.forw-log.com\/es\/wp-json\/wp\/v2\/pages\/2098\/revisions\/2101"}],"wp:attachment":[{"href":"https:\/\/www.forw-log.com\/es\/wp-json\/wp\/v2\/media?parent=2098"}],"curies":[{"name":"wp","href":"https:\/\/api.w.org\/{rel}","templated":true}]}}