{"id":2097,"date":"2018-09-27T16:24:38","date_gmt":"2018-09-27T14:24:38","guid":{"rendered":"http:\/\/www.forw-log.com\/assicurazione-merci\/"},"modified":"2018-10-01T14:14:25","modified_gmt":"2018-10-01T12:14:25","slug":"assicurazione-merci","status":"publish","type":"page","link":"https:\/\/www.forw-log.com\/es\/assicurazione-merci\/","title":{"rendered":"Seguro"},"content":{"rendered":"<p>[vc_row][vc_column][rev_slider_vc alias=\u00bbassicurazione\u00bb][\/vc_column][\/vc_row][vc_row full_width=\u00bbstretch_row\u00bb css_animation=\u00bbfadeIn\u00bb css=\u00bb.vc_custom_1522461421304{padding-top: 60px !important;background-color: #f5f5f5 !important;}\u00bb][vc_column offset=\u00bbvc_col-lg-8&#8243; css=\u00bb.vc_custom_1522315152358{margin-bottom: 30px !important;}\u00bb][cms_custom_heading add_border=\u00bb1&#8243; element_tag=\u00bbH1&#8243; ttext-align=\u00bbtext-left\u00bb title=\u00bbCOBERTURAS ASEGURACIONES\u00bb css=\u00bb.vc_custom_1538396010220{margin-bottom: 20px !important;}\u00bb][\/vc_column][\/vc_row][vc_row full_width=\u00bbstretch_row\u00bb css_animation=\u00bbfadeIn\u00bb css=\u00bb.vc_custom_1522461431146{padding-bottom: 50px !important;background-color: #f5f5f5 !important;}\u00bb][vc_column width=\u00bb2\/3&#8243; css=\u00bb.vc_custom_1522307815818{margin-bottom: 30px !important;}\u00bb][vc_row_inner][vc_column_inner][cms_fancybox_single fancy_style=\u00bbstyle-2&#8243; icon_fontawesome=\u00bbfa fa-check-square-o\u00bb title_item=\u00bbINTERMEDIACION Y GESTION DE LAS COBERTURAS ASEGURACIONES\u00bb icon_left=\u00bb1&#8243; description_item=\u00bbNos valemos de expertas sociedades de brokeraje especializadas en la intermediaci\u00f3n y gesti\u00f3n de las coberturas aseguraciones, con los que son realizados estudios para identificar soluciones optimales y personalizadas a la b\u00fasqueda de los mejores productos presentes sobre el mercado en t\u00e9rminos de contenidos tal como los costes, para poder tambi\u00e9n asegurar Su mercanc\u00edas en \u00e1reas particulares como \u00c1frica y Centro Am\u00e9rica.\u00bb][\/vc_column_inner][\/vc_row_inner][\/vc_column][vc_column width=\u00bb1\/3&#8243;][vc_single_image image=\u00bb1769&#8243; img_size=\u00bblarge\u00bb css_animation=\u00bbfadeInRight\u00bb css=\u00bb.vc_custom_1538058197128{margin-bottom: 0px !important;}\u00bb][\/vc_column][\/vc_row][vc_row][vc_column][vc_cta h2=\u00bbCont\u00e1ctenos y solicite un presupuesto de nuestros servicios sin compromiso\u00bb style=\u00bbcustom\u00bb add_button=\u00bbright\u00bb btn_title=\u00bbCONTACTO\u00bb custom_background=\u00bb#006db7&#8243; custom_text=\u00bb#ffffff\u00bb btn_link=\u00bburl:http%3A%2F%2Fwww.forw-log.com%2Fes%2Fcontatta-forwarding-logistic%2F|||\u00bb][\/vc_cta][\/vc_column][\/vc_row][vc_row css_animation=\u00bbfadeIn\u00bb css=\u00bb.vc_custom_1522461447776{padding-top: 60px !important;}\u00bb][vc_column][vc_row_inner][vc_column_inner offset=\u00bbvc_col-lg-offset-2 vc_col-lg-8&#8243; css=\u00bb.vc_custom_1522314123795{margin-bottom: 20px !important;}\u00bb][cms_custom_heading add_border=\u00bb1&#8243; element_tag=\u00bbH1&#8243; title=\u00bbNOTICIAS\u00bb css=\u00bb.vc_custom_1538395900950{margin-bottom: 20px !important;}\u00bb][\/vc_column_inner][\/vc_row_inner][vc_row_inner][vc_column_inner][cms_carousel xsmall_items=\u00bb1&#8243; small_items=\u00bb2&#8243; medium_items=\u00bb3&#8243; large_items=\u00bb3&#8243; margin=\u00bb30&#8243; nav=\u00bbfalse\u00bb dots=\u00bbfalse\u00bb source=\u00bbsize:10|order_by:date|post_type:post\u00bb cms_template=\u00bbcms_carousel.php\u00bb][\/vc_column_inner][\/vc_row_inner][\/vc_column][\/vc_row]<\/p>\n","protected":false},"excerpt":{"rendered":"<p>[vc_row][vc_column][rev_slider_vc alias=\u00bbassicurazione\u00bb][\/vc_column][\/vc_row][vc_row full_width=\u00bbstretch_row\u00bb css_animation=\u00bbfadeIn\u00bb css=\u00bb.vc_custom_1522461421304{padding-top: 60px !important;background-color: #f5f5f5 !important;}\u00bb][vc_column offset=\u00bbvc_col-lg-8&#8243; css=\u00bb.vc_custom_1522315152358{margin-bottom: 30px !important;}\u00bb][cms_custom_heading add_border=\u00bb1&#8243; element_tag=\u00bbH1&#8243; ttext-align=\u00bbtext-left\u00bb title=\u00bbCOBERTURAS ASEGURACIONES\u00bb css=\u00bb.vc_custom_1538396010220{margin-bottom: 20px !important;}\u00bb][\/vc_column][\/vc_row][vc_row full_width=\u00bbstretch_row\u00bb css_animation=\u00bbfadeIn\u00bb css=\u00bb.vc_custom_1522461431146{padding-bottom: 50px !important;background-color: #f5f5f5 !important;}\u00bb][vc_column width=\u00bb2\/3&#8243; css=\u00bb.vc_custom_1522307815818{margin-bottom: 30px !important;}\u00bb][vc_row_inner][vc_column_inner][cms_fancybox_single fancy_style=\u00bbstyle-2&#8243; icon_fontawesome=\u00bbfa fa-check-square-o\u00bb title_item=\u00bbINTERMEDIACION Y GESTION DE LAS COBERTURAS ASEGURACIONES\u00bb icon_left=\u00bb1&#8243; description_item=\u00bbNos valemos de expertas sociedades de brokeraje especializadas en la intermediaci\u00f3n y<\/p>\n","protected":false},"author":1,"featured_media":0,"parent":0,"menu_order":0,"comment_status":"closed","ping_status":"closed","template":"","meta":[],"_links":{"self":[{"href":"https:\/\/www.forw-log.com\/es\/wp-json\/wp\/v2\/pages\/2097"}],"collection":[{"href":"https:\/\/www.forw-log.com\/es\/wp-json\/wp\/v2\/pages"}],"about":[{"href":"https:\/\/www.forw-log.com\/es\/wp-json\/wp\/v2\/types\/page"}],"author":[{"embeddable":true,"href":"https:\/\/www.forw-log.com\/es\/wp-json\/wp\/v2\/users\/1"}],"replies":[{"embeddable":true,"href":"https:\/\/www.forw-log.com\/es\/wp-json\/wp\/v2\/comments?post=2097"}],"version-history":[{"count":4,"href":"https:\/\/www.forw-log.com\/es\/wp-json\/wp\/v2\/pages\/2097\/revisions"}],"predecessor-version":[{"id":2108,"href":"https:\/\/www.forw-log.com\/es\/wp-json\/wp\/v2\/pages\/2097\/revisions\/2108"}],"wp:attachment":[{"href":"https:\/\/www.forw-log.com\/es\/wp-json\/wp\/v2\/media?parent=2097"}],"curies":[{"name":"wp","href":"https:\/\/api.w.org\/{rel}","templated":true}]}}