{"id":2096,"date":"2018-09-27T16:10:44","date_gmt":"2018-09-27T14:10:44","guid":{"rendered":"http:\/\/www.forw-log.com\/aereo\/"},"modified":"2018-10-01T14:15:02","modified_gmt":"2018-10-01T12:15:02","slug":"aereo","status":"publish","type":"page","link":"https:\/\/www.forw-log.com\/es\/aereo\/","title":{"rendered":"AVI\u00d3N"},"content":{"rendered":"<p>[vc_row][vc_column][rev_slider_vc alias=\u00bbaereo\u00bb][\/vc_column][\/vc_row][vc_row full_width=\u00bbstretch_row\u00bb css_animation=\u00bbfadeIn\u00bb css=\u00bb.vc_custom_1522461421304{padding-top: 60px !important;background-color: #f5f5f5 !important;}\u00bb][vc_column offset=\u00bbvc_col-lg-8&#8243; css=\u00bb.vc_custom_1522315152358{margin-bottom: 30px !important;}\u00bb][cms_custom_heading add_border=\u00bb1&#8243; element_tag=\u00bbH1&#8243; ttext-align=\u00bbtext-left\u00bb title=\u00bbENV\u00cdOS A\u00c9REOS\u00bb css=\u00bb.vc_custom_1538395952998{margin-bottom: 20px !important;}\u00bb][\/vc_column][\/vc_row][vc_row full_width=\u00bbstretch_row\u00bb css_animation=\u00bbfadeIn\u00bb css=\u00bb.vc_custom_1522461431146{padding-bottom: 50px !important;background-color: #f5f5f5 !important;}\u00bb][vc_column width=\u00bb2\/3&#8243; css=\u00bb.vc_custom_1522307815818{margin-bottom: 30px !important;}\u00bb][vc_row_inner][vc_column_inner][cms_fancybox_single fancy_style=\u00bbstyle-2&#8243; icon_fontawesome=\u00bbfa fa-plane\u00bb title_item=\u00bbAVI\u00d3N\u00bb icon_left=\u00bb1&#8243; description_item=\u00bbTenemos la posibilidad de seleccionar entre la multiplicidad de Compa\u00f1\u00edas A\u00e9reas y millares de vuelos diarios para entregar Su mercanc\u00edas en todos los sitios, en llena seguridad, al m\u00e1s buen precio y con la velocidad que s\u00f3lo este tipo de servicio puede dar.\u00bb][\/vc_column_inner][\/vc_row_inner][\/vc_column][vc_column width=\u00bb1\/3&#8243;][vc_single_image image=\u00bb1752&#8243; img_size=\u00bblarge\u00bb css_animation=\u00bbfadeInRight\u00bb css=\u00bb.vc_custom_1538057505424{margin-bottom: 0px !important;}\u00bb][\/vc_column][\/vc_row][vc_row][vc_column][vc_cta h2=\u00bbCont\u00e1ctenos y solicite un presupuesto de nuestros servicios sin compromiso\u00bb style=\u00bbcustom\u00bb add_button=\u00bbright\u00bb btn_title=\u00bbCONTACTO\u00bb custom_background=\u00bb#006db7&#8243; custom_text=\u00bb#ffffff\u00bb btn_link=\u00bburl:http%3A%2F%2Fwww.forw-log.com%2Fes%2Fcontatta-forwarding-logistic%2F|||\u00bb][\/vc_cta][\/vc_column][\/vc_row][vc_row css_animation=\u00bbfadeIn\u00bb css=\u00bb.vc_custom_1522461447776{padding-top: 60px !important;}\u00bb][vc_column][vc_row_inner][vc_column_inner offset=\u00bbvc_col-lg-offset-2 vc_col-lg-8&#8243; css=\u00bb.vc_custom_1522314123795{margin-bottom: 20px !important;}\u00bb][cms_custom_heading add_border=\u00bb1&#8243; element_tag=\u00bbH1&#8243; title=\u00bbNOTICIAS\u00bb css=\u00bb.vc_custom_1538395916212{margin-bottom: 20px !important;}\u00bb][\/vc_column_inner][\/vc_row_inner][vc_row_inner][vc_column_inner][cms_carousel xsmall_items=\u00bb1&#8243; small_items=\u00bb2&#8243; medium_items=\u00bb3&#8243; large_items=\u00bb3&#8243; margin=\u00bb30&#8243; nav=\u00bbfalse\u00bb dots=\u00bbfalse\u00bb source=\u00bbsize:10|order_by:date|post_type:post\u00bb cms_template=\u00bbcms_carousel.php\u00bb][\/vc_column_inner][\/vc_row_inner][\/vc_column][\/vc_row]<\/p>\n","protected":false},"excerpt":{"rendered":"<p>[vc_row][vc_column][rev_slider_vc alias=\u00bbaereo\u00bb][\/vc_column][\/vc_row][vc_row full_width=\u00bbstretch_row\u00bb css_animation=\u00bbfadeIn\u00bb css=\u00bb.vc_custom_1522461421304{padding-top: 60px !important;background-color: #f5f5f5 !important;}\u00bb][vc_column offset=\u00bbvc_col-lg-8&#8243; css=\u00bb.vc_custom_1522315152358{margin-bottom: 30px !important;}\u00bb][cms_custom_heading add_border=\u00bb1&#8243; element_tag=\u00bbH1&#8243; ttext-align=\u00bbtext-left\u00bb title=\u00bbENV\u00cdOS A\u00c9REOS\u00bb css=\u00bb.vc_custom_1538395952998{margin-bottom: 20px !important;}\u00bb][\/vc_column][\/vc_row][vc_row full_width=\u00bbstretch_row\u00bb css_animation=\u00bbfadeIn\u00bb css=\u00bb.vc_custom_1522461431146{padding-bottom: 50px !important;background-color: #f5f5f5 !important;}\u00bb][vc_column width=\u00bb2\/3&#8243; css=\u00bb.vc_custom_1522307815818{margin-bottom: 30px !important;}\u00bb][vc_row_inner][vc_column_inner][cms_fancybox_single fancy_style=\u00bbstyle-2&#8243; icon_fontawesome=\u00bbfa fa-plane\u00bb title_item=\u00bbAVI\u00d3N\u00bb icon_left=\u00bb1&#8243; description_item=\u00bbTenemos la posibilidad de seleccionar entre la multiplicidad de Compa\u00f1\u00edas A\u00e9reas y millares de vuelos diarios para entregar<\/p>\n","protected":false},"author":1,"featured_media":0,"parent":0,"menu_order":0,"comment_status":"closed","ping_status":"closed","template":"","meta":[],"_links":{"self":[{"href":"https:\/\/www.forw-log.com\/es\/wp-json\/wp\/v2\/pages\/2096"}],"collection":[{"href":"https:\/\/www.forw-log.com\/es\/wp-json\/wp\/v2\/pages"}],"about":[{"href":"https:\/\/www.forw-log.com\/es\/wp-json\/wp\/v2\/types\/page"}],"author":[{"embeddable":true,"href":"https:\/\/www.forw-log.com\/es\/wp-json\/wp\/v2\/users\/1"}],"replies":[{"embeddable":true,"href":"https:\/\/www.forw-log.com\/es\/wp-json\/wp\/v2\/comments?post=2096"}],"version-history":[{"count":4,"href":"https:\/\/www.forw-log.com\/es\/wp-json\/wp\/v2\/pages\/2096\/revisions"}],"predecessor-version":[{"id":2109,"href":"https:\/\/www.forw-log.com\/es\/wp-json\/wp\/v2\/pages\/2096\/revisions\/2109"}],"wp:attachment":[{"href":"https:\/\/www.forw-log.com\/es\/wp-json\/wp\/v2\/media?parent=2096"}],"curies":[{"name":"wp","href":"https:\/\/api.w.org\/{rel}","templated":true}]}}