{"id":2084,"date":"2017-11-08T07:22:13","date_gmt":"2017-11-08T07:22:13","guid":{"rendered":"http:\/\/www.forw-log.com\/network\/"},"modified":"2019-05-30T23:11:20","modified_gmt":"2019-05-30T21:11:20","slug":"network","status":"publish","type":"page","link":"https:\/\/www.forw-log.com\/es\/network\/","title":{"rendered":"Network"},"content":{"rendered":"<p>[vc_row css=\u00bb.vc_custom_1510124942463{padding-bottom: 50px !important;}\u00bb][vc_column][vc_custom_heading text=\u00bbNETWORK\u00bb font_container=\u00bbtag:h3|text_align:left\u00bb use_theme_fonts=\u00bbyes\u00bb][\/vc_column][\/vc_row][vc_row][vc_column width=\u00bb1\/2&#8243;][vc_row_inner][vc_column_inner width=\u00bb1\/4&#8243;][vc_single_image image=\u00bb1628&#8243; img_size=\u00bbfull\u00bb alignment=\u00bbcenter\u00bb][\/vc_column_inner][vc_column_inner width=\u00bb3\/4&#8243;][vc_custom_heading text=\u00bbMODENA &#8211; ITALY\u00bb font_container=\u00bbtag:h4|text_align:left\u00bb use_theme_fonts=\u00bbyes\u00bb][vc_column_text]OFICINA<br \/>\nVia del Passatore, 107 &#8211; 41011 Campogalliano (Modena)<br \/>\nTel\u00a0: +39 059 851.088 \/ Fax\u00a0: +39 059 851.215<br \/>\nE-mail: <a href=\"mailto:info@forw-log.com\">info@forw-log.com<\/a><\/p>\n<p>ALMACEN<br \/>\nVia Zamboni, 30 &#8211; 41011 Campogalliano (Modena)<br \/>\nTel : +39 059 527.351<br \/>\nE-mail: logistic@forw-log.com[\/vc_column_text][\/vc_column_inner][\/vc_row_inner][\/vc_column][vc_column width=\u00bb1\/2&#8243;][vc_row_inner][vc_column_inner width=\u00bb1\/4&#8243;][vc_single_image image=\u00bb1624&#8243; img_size=\u00bbfull\u00bb alignment=\u00bbcenter\u00bb][\/vc_column_inner][vc_column_inner width=\u00bb3\/4&#8243;][vc_custom_heading text=\u00bbForwarding &amp; Logistic SENEGAL\u00bb font_container=\u00bbtag:h4|text_align:left\u00bb use_theme_fonts=\u00bbyes\u00bb][vc_column_text]Yoff Warare route de l\u2019a\u00e9roport<\/p>\n<p>pr\u00e8s\u00a0de Transair au 1<sup>er<\/sup> \u00e9tage a gauche<\/p>\n<p>Dakar &#8211; Senegal<br \/>\nTel : +221 33 820.9609<br \/>\nE-mail : dakar@forw-log.com<br \/>\n[\/vc_column_text][\/vc_column_inner][\/vc_row_inner][\/vc_column][\/vc_row][vc_row][vc_column][vc_separator color=\u00bbcustom\u00bb style=\u00bbdotted\u00bb accent_color=\u00bb#919191&#8243; css=\u00bb.vc_custom_1537954822729{margin-top: 10px !important;margin-bottom: 20px !important;}\u00bb][\/vc_column][\/vc_row][vc_row][vc_column width=\u00bb1\/2&#8243;][vc_row_inner][vc_column_inner width=\u00bb1\/4&#8243;][vc_single_image image=\u00bb1620&#8243; img_size=\u00bbfull\u00bb alignment=\u00bbcenter\u00bb][\/vc_column_inner][vc_column_inner width=\u00bb3\/4&#8243;][vc_custom_heading text=\u00bbForwarding &amp; Logistic COSTA D\u2019AVORIO\u00bb font_container=\u00bbtag:h4|text_align:left\u00bb use_theme_fonts=\u00bbyes\u00bb][vc_column_text]Treichville, Avenue 1, Rue 21, 01 BP 5261<br \/>\nAbidjan 01 \u2013 Cote d\u2019Ivoire<br \/>\nTel: +225 21 251.136<br \/>\nE-mail: abidjan@forw-log.com[\/vc_column_text][\/vc_column_inner][\/vc_row_inner][\/vc_column][vc_column width=\u00bb1\/2&#8243;][vc_row_inner][vc_column_inner width=\u00bb1\/4&#8243;][vc_single_image image=\u00bb1616&#8243; img_size=\u00bbfull\u00bb alignment=\u00bbcenter\u00bb][\/vc_column_inner][vc_column_inner width=\u00bb3\/4&#8243;][vc_custom_heading text=\u00bbForwarding &amp; Logistic GHANA\u00bb font_container=\u00bbtag:h4|text_align:left\u00bb use_theme_fonts=\u00bbyes\u00bb][vc_column_text]Querry Crescent Road, Tantra Hills<br \/>\nAccra \u2013 Ghana<br \/>\nTel: +233 302 422.636<br \/>\nE-mail: accra@forw-log.com[\/vc_column_text][\/vc_column_inner][\/vc_row_inner][\/vc_column][\/vc_row][vc_row][vc_column][vc_separator color=\u00bbcustom\u00bb style=\u00bbdotted\u00bb accent_color=\u00bb#919191&#8243; css=\u00bb.vc_custom_1537954832370{margin-top: 10px !important;margin-bottom: 20px !important;}\u00bb][\/vc_column][\/vc_row][vc_row][vc_column width=\u00bb1\/2&#8243;][vc_row_inner][vc_column_inner width=\u00bb1\/4&#8243;][vc_single_image image=\u00bb1612&#8243; img_size=\u00bbfull\u00bb alignment=\u00bbcenter\u00bb][\/vc_column_inner][vc_column_inner width=\u00bb3\/4&#8243;][vc_custom_heading text=\u00bbForwarding &amp; Logistic TOGO\u00bb font_container=\u00bbtag:h4|text_align:left\u00bb use_theme_fonts=\u00bbyes\u00bb][vc_column_text]Boulevard Felix Houphouet Boigny \u2013 Quartier Akodessewa<br \/>\nLom\u00e9 \u2013 Togo<br \/>\nTel: +228 22 711.339<br \/>\nE-mail: lome@forw-log.com[\/vc_column_text][\/vc_column_inner][\/vc_row_inner][\/vc_column][vc_column width=\u00bb1\/2&#8243;][vc_row_inner][vc_column_inner width=\u00bb1\/4&#8243;][vc_single_image image=\u00bb1608&#8243; img_size=\u00bbfull\u00bb alignment=\u00bbcenter\u00bb][\/vc_column_inner][vc_column_inner width=\u00bb3\/4&#8243;][vc_custom_heading text=\u00bbForwarding &amp; Logistic NIGERIA\u00bb font_container=\u00bbtag:h4|text_align:left\u00bb use_theme_fonts=\u00bbyes\u00bb][vc_column_text]3, Aromire Avenue<br \/>\nOff Adeniyi Jones, Allen Round<br \/>\nAbout, Ikejia Lagos<br \/>\nTel: +234 8177775126<br \/>\nE-mail: lagos@forw-log.com[\/vc_column_text][\/vc_column_inner][\/vc_row_inner][\/vc_column][\/vc_row][vc_row][vc_column][vc_separator color=\u00bbcustom\u00bb style=\u00bbdotted\u00bb accent_color=\u00bb#919191&#8243; css=\u00bb.vc_custom_1537954843092{margin-top: 10px !important;margin-bottom: 20px !important;}\u00bb][\/vc_column][\/vc_row][vc_row][vc_column width=\u00bb1\/2&#8243;][vc_row_inner][vc_column_inner width=\u00bb1\/4&#8243;][vc_single_image image=\u00bb1604&#8243; img_size=\u00bbfull\u00bb alignment=\u00bbcenter\u00bb][\/vc_column_inner][vc_column_inner width=\u00bb3\/4&#8243;][vc_custom_heading text=\u00bbRUSSIA FORWARDING\u00bb font_container=\u00bbtag:h4|text_align:left\u00bb use_theme_fonts=\u00bbyes\u00bb][vc_column_text]Pervomajskaya Str. 35\/18<br \/>\n105043 Mosca &#8211; Federazione Russa<br \/>\nPhone: +7 9629639469<br \/>\nE-mail: alex@russiaforwarding.com<br \/>\nWeb: www.russiaforwarding.com[\/vc_column_text][\/vc_column_inner][\/vc_row_inner][\/vc_column][vc_column width=\u00bb1\/2&#8243;][vc_row_inner][vc_column_inner width=\u00bb1\/4&#8243;][vc_single_image image=\u00bb1600&#8243; img_size=\u00bbfull\u00bb alignment=\u00bbcenter\u00bb][\/vc_column_inner][vc_column_inner width=\u00bb3\/4&#8243;][vc_custom_heading text=\u00bbForwarding &amp; Logistic CAMEROUN\u00bb font_container=\u00bbtag:h4|text_align:left\u00bb use_theme_fonts=\u00bbyes\u00bb][vc_column_text]76 Rue Bruix<br \/>\n(Derri\u00e8re College De la Salle, Immeuble Mc Miriam 3 \u00e8me \u00e9tage)<br \/>\nDouala &#8211; Cameroun<br \/>\nTel: +237 233420535<br \/>\nE-mail: douala@forw-log.com[\/vc_column_text][\/vc_column_inner][\/vc_row_inner][\/vc_column][\/vc_row]<\/p>\n","protected":false},"excerpt":{"rendered":"<p>[vc_row css=\u00bb.vc_custom_1510124942463{padding-bottom: 50px !important;}\u00bb][vc_column][vc_custom_heading text=\u00bbNETWORK\u00bb font_container=\u00bbtag:h3|text_align:left\u00bb use_theme_fonts=\u00bbyes\u00bb][\/vc_column][\/vc_row][vc_row][vc_column width=\u00bb1\/2&#8243;][vc_row_inner][vc_column_inner width=\u00bb1\/4&#8243;][vc_single_image image=\u00bb1628&#8243; img_size=\u00bbfull\u00bb alignment=\u00bbcenter\u00bb][\/vc_column_inner][vc_column_inner width=\u00bb3\/4&#8243;][vc_custom_heading text=\u00bbMODENA &#8211; ITALY\u00bb font_container=\u00bbtag:h4|text_align:left\u00bb use_theme_fonts=\u00bbyes\u00bb][vc_column_text]OFICINA Via del Passatore, 107 &#8211; 41011 Campogalliano (Modena) Tel\u00a0: +39 059 851.088 \/ Fax\u00a0: +39 059 851.215 E-mail: info@forw-log.com ALMACEN Via Zamboni, 30 &#8211; 41011 Campogalliano (Modena) Tel : +39 059 527.351 E-mail: logistic@forw-log.com[\/vc_column_text][\/vc_column_inner][\/vc_row_inner][\/vc_column][vc_column width=\u00bb1\/2&#8243;][vc_row_inner][vc_column_inner width=\u00bb1\/4&#8243;][vc_single_image image=\u00bb1624&#8243;<\/p>\n","protected":false},"author":1,"featured_media":0,"parent":0,"menu_order":0,"comment_status":"closed","ping_status":"closed","template":"","meta":[],"_links":{"self":[{"href":"https:\/\/www.forw-log.com\/es\/wp-json\/wp\/v2\/pages\/2084"}],"collection":[{"href":"https:\/\/www.forw-log.com\/es\/wp-json\/wp\/v2\/pages"}],"about":[{"href":"https:\/\/www.forw-log.com\/es\/wp-json\/wp\/v2\/types\/page"}],"author":[{"embeddable":true,"href":"https:\/\/www.forw-log.com\/es\/wp-json\/wp\/v2\/users\/1"}],"replies":[{"embeddable":true,"href":"https:\/\/www.forw-log.com\/es\/wp-json\/wp\/v2\/comments?post=2084"}],"version-history":[{"count":6,"href":"https:\/\/www.forw-log.com\/es\/wp-json\/wp\/v2\/pages\/2084\/revisions"}],"predecessor-version":[{"id":2346,"href":"https:\/\/www.forw-log.com\/es\/wp-json\/wp\/v2\/pages\/2084\/revisions\/2346"}],"wp:attachment":[{"href":"https:\/\/www.forw-log.com\/es\/wp-json\/wp\/v2\/media?parent=2084"}],"curies":[{"name":"wp","href":"https:\/\/api.w.org\/{rel}","templated":true}]}}