{"id":1965,"date":"2017-11-08T07:22:13","date_gmt":"2017-11-08T07:22:13","guid":{"rendered":"http:\/\/www.forw-log.com\/network\/"},"modified":"2019-05-30T23:07:35","modified_gmt":"2019-05-30T21:07:35","slug":"network","status":"publish","type":"page","link":"https:\/\/www.forw-log.com\/en\/network\/","title":{"rendered":"Network"},"content":{"rendered":"<p>[vc_row css=&#8221;.vc_custom_1510124942463{padding-bottom: 50px !important;}&#8221;][vc_column][vc_custom_heading text=&#8221;NETWORK&#8221; font_container=&#8221;tag:h3|text_align:left&#8221; use_theme_fonts=&#8221;yes&#8221;][\/vc_column][\/vc_row][vc_row][vc_column width=&#8221;1\/2&#8243;][vc_row_inner][vc_column_inner width=&#8221;1\/4&#8243;][vc_single_image image=&#8221;1628&#8243; img_size=&#8221;full&#8221; alignment=&#8221;center&#8221;][\/vc_column_inner][vc_column_inner width=&#8221;3\/4&#8243;][vc_custom_heading text=&#8221;MODENA &#8211; ITALY&#8221; font_container=&#8221;tag:h4|text_align:left&#8221; use_theme_fonts=&#8221;yes&#8221;][vc_column_text]OFFICES<br \/>\nVia del Passatore, 107 &#8211; 41011 Campogalliano (Modena)<br \/>\nTel\u00a0: +39 059 851.088 \/ Fax\u00a0: +39 059 851.215<br \/>\nE-mail: <a href=\"mailto:info@forw-log.com\">info@forw-log.com<\/a><\/p>\n<p>WAREHOUSE<br \/>\nVia Zamboni, 30 &#8211; 41011 Campogalliano (Modena)<br \/>\nTel : +39 059 527.351<br \/>\nE-mail: logistic@forw-log.com[\/vc_column_text][\/vc_column_inner][\/vc_row_inner][\/vc_column][vc_column width=&#8221;1\/2&#8243;][vc_row_inner][vc_column_inner width=&#8221;1\/4&#8243;][vc_single_image image=&#8221;1624&#8243; img_size=&#8221;full&#8221; alignment=&#8221;center&#8221;][\/vc_column_inner][vc_column_inner width=&#8221;3\/4&#8243;][vc_custom_heading text=&#8221;Forwarding &amp; Logistic SENEGAL&#8221; font_container=&#8221;tag:h4|text_align:left&#8221; use_theme_fonts=&#8221;yes&#8221;][vc_column_text]Yoff Warare route de l\u2019a\u00e9roport<\/p>\n<p>pr\u00e8s\u00a0de Transair au 1<sup>er<\/sup> \u00e9tage a gauche<\/p>\n<p>Dakar &#8211; Senegal<br \/>\nTel : +221 33 820.9609<br \/>\nE-mail : dakar@forw-log.com<br \/>\n[\/vc_column_text][\/vc_column_inner][\/vc_row_inner][\/vc_column][\/vc_row][vc_row][vc_column][vc_separator color=&#8221;custom&#8221; style=&#8221;dotted&#8221; accent_color=&#8221;#919191&#8243; css=&#8221;.vc_custom_1537954822729{margin-top: 10px !important;margin-bottom: 20px !important;}&#8221;][\/vc_column][\/vc_row][vc_row][vc_column width=&#8221;1\/2&#8243;][vc_row_inner][vc_column_inner width=&#8221;1\/4&#8243;][vc_single_image image=&#8221;1620&#8243; img_size=&#8221;full&#8221; alignment=&#8221;center&#8221;][\/vc_column_inner][vc_column_inner width=&#8221;3\/4&#8243;][vc_custom_heading text=&#8221;Forwarding &amp; Logistic COSTA D\u2019AVORIO&#8221; font_container=&#8221;tag:h4|text_align:left&#8221; use_theme_fonts=&#8221;yes&#8221;][vc_column_text]Treichville, Avenue 1, Rue 21, 01 BP 5261<br \/>\nAbidjan 01 \u2013 Cote d\u2019Ivoire<br \/>\nTel: +225 21 251.136<br \/>\nE-mail: abidjan@forw-log.com[\/vc_column_text][\/vc_column_inner][\/vc_row_inner][\/vc_column][vc_column width=&#8221;1\/2&#8243;][vc_row_inner][vc_column_inner width=&#8221;1\/4&#8243;][vc_single_image image=&#8221;1616&#8243; img_size=&#8221;full&#8221; alignment=&#8221;center&#8221;][\/vc_column_inner][vc_column_inner width=&#8221;3\/4&#8243;][vc_custom_heading text=&#8221;Forwarding &amp; Logistic GHANA&#8221; font_container=&#8221;tag:h4|text_align:left&#8221; use_theme_fonts=&#8221;yes&#8221;][vc_column_text]Querry Crescent Road, Tantra Hills<br \/>\nAccra \u2013 Ghana<br \/>\nTel: +233 302 422.636<br \/>\nE-mail: accra@forw-log.com[\/vc_column_text][\/vc_column_inner][\/vc_row_inner][\/vc_column][\/vc_row][vc_row][vc_column][vc_separator color=&#8221;custom&#8221; style=&#8221;dotted&#8221; accent_color=&#8221;#919191&#8243; css=&#8221;.vc_custom_1537954832370{margin-top: 10px !important;margin-bottom: 20px !important;}&#8221;][\/vc_column][\/vc_row][vc_row][vc_column width=&#8221;1\/2&#8243;][vc_row_inner][vc_column_inner width=&#8221;1\/4&#8243;][vc_single_image image=&#8221;1612&#8243; img_size=&#8221;full&#8221; alignment=&#8221;center&#8221;][\/vc_column_inner][vc_column_inner width=&#8221;3\/4&#8243;][vc_custom_heading text=&#8221;Forwarding &amp; Logistic TOGO&#8221; font_container=&#8221;tag:h4|text_align:left&#8221; use_theme_fonts=&#8221;yes&#8221;][vc_column_text]Boulevard Felix Houphouet Boigny \u2013 Quartier Akodessewa<br \/>\nLom\u00e9 \u2013 Togo<br \/>\nTel: +228 22 711.339<br \/>\nE-mail: lome@forw-log.com[\/vc_column_text][\/vc_column_inner][\/vc_row_inner][\/vc_column][vc_column width=&#8221;1\/2&#8243;][vc_row_inner][vc_column_inner width=&#8221;1\/4&#8243;][vc_single_image image=&#8221;1608&#8243; img_size=&#8221;full&#8221; alignment=&#8221;center&#8221;][\/vc_column_inner][vc_column_inner width=&#8221;3\/4&#8243;][vc_custom_heading text=&#8221;Forwarding &amp; Logistic NIGERIA&#8221; font_container=&#8221;tag:h4|text_align:left&#8221; use_theme_fonts=&#8221;yes&#8221;][vc_column_text]3, Aromire Avenue<br \/>\nOff Adeniyi Jones, Allen Round<br \/>\nAbout, Ikejia Lagos<br \/>\nTel: +2348177775126<br \/>\nE-mail: lagos@forw-log.com[\/vc_column_text][\/vc_column_inner][\/vc_row_inner][\/vc_column][\/vc_row][vc_row][vc_column][vc_separator color=&#8221;custom&#8221; style=&#8221;dotted&#8221; accent_color=&#8221;#919191&#8243; css=&#8221;.vc_custom_1537954843092{margin-top: 10px !important;margin-bottom: 20px !important;}&#8221;][\/vc_column][\/vc_row][vc_row][vc_column width=&#8221;1\/2&#8243;][vc_row_inner][vc_column_inner width=&#8221;1\/4&#8243;][vc_single_image image=&#8221;1604&#8243; img_size=&#8221;full&#8221; alignment=&#8221;center&#8221;][\/vc_column_inner][vc_column_inner width=&#8221;3\/4&#8243;][vc_custom_heading text=&#8221;RUSSIA FORWARDING&#8221; font_container=&#8221;tag:h4|text_align:left&#8221; use_theme_fonts=&#8221;yes&#8221;][vc_column_text]Pervomajskaya Str. 35\/18<br \/>\n105043 Mosca &#8211; Federazione Russa<br \/>\nTel: +7 9629639469<br \/>\nE-mail: alex@russiaforwarding.com<br \/>\nWeb: www.russiaforwarding.com[\/vc_column_text][\/vc_column_inner][\/vc_row_inner][\/vc_column][vc_column width=&#8221;1\/2&#8243;][vc_row_inner][vc_column_inner width=&#8221;1\/4&#8243;][vc_single_image image=&#8221;1600&#8243; img_size=&#8221;full&#8221; alignment=&#8221;center&#8221;][\/vc_column_inner][vc_column_inner width=&#8221;3\/4&#8243;][vc_custom_heading text=&#8221;Forwarding &amp; Logistic CAMEROUN&#8221; font_container=&#8221;tag:h4|text_align:left&#8221; use_theme_fonts=&#8221;yes&#8221;][vc_column_text]76 Rue Bruix<br \/>\n(Derri\u00e8re College De la Salle, Immeuble Mc Miriam 3 \u00e8me \u00e9tage)<br \/>\nDouala &#8211; Cameroun<br \/>\nTel: +237233420535<br \/>\nE-mail: douala@forw-log.com[\/vc_column_text][\/vc_column_inner][\/vc_row_inner][\/vc_column][\/vc_row]<\/p>\n","protected":false},"excerpt":{"rendered":"<p>[vc_row css=&#8221;.vc_custom_1510124942463{padding-bottom: 50px !important;}&#8221;][vc_column][vc_custom_heading text=&#8221;NETWORK&#8221; font_container=&#8221;tag:h3|text_align:left&#8221; use_theme_fonts=&#8221;yes&#8221;][\/vc_column][\/vc_row][vc_row][vc_column width=&#8221;1\/2&#8243;][vc_row_inner][vc_column_inner width=&#8221;1\/4&#8243;][vc_single_image image=&#8221;1628&#8243; img_size=&#8221;full&#8221; alignment=&#8221;center&#8221;][\/vc_column_inner][vc_column_inner width=&#8221;3\/4&#8243;][vc_custom_heading text=&#8221;MODENA &#8211; ITALY&#8221; font_container=&#8221;tag:h4|text_align:left&#8221; use_theme_fonts=&#8221;yes&#8221;][vc_column_text]OFFICES Via del Passatore, 107 &#8211; 41011 Campogalliano (Modena) Tel\u00a0: +39 059 851.088 \/ Fax\u00a0: +39 059 851.215 E-mail: info@forw-log.com WAREHOUSE Via Zamboni, 30 &#8211; 41011 Campogalliano (Modena) Tel : +39 059 527.351 E-mail: logistic@forw-log.com[\/vc_column_text][\/vc_column_inner][\/vc_row_inner][\/vc_column][vc_column width=&#8221;1\/2&#8243;][vc_row_inner][vc_column_inner width=&#8221;1\/4&#8243;][vc_single_image image=&#8221;1624&#8243;<\/p>\n","protected":false},"author":1,"featured_media":0,"parent":0,"menu_order":0,"comment_status":"closed","ping_status":"closed","template":"","meta":[],"_links":{"self":[{"href":"https:\/\/www.forw-log.com\/en\/wp-json\/wp\/v2\/pages\/1965"}],"collection":[{"href":"https:\/\/www.forw-log.com\/en\/wp-json\/wp\/v2\/pages"}],"about":[{"href":"https:\/\/www.forw-log.com\/en\/wp-json\/wp\/v2\/types\/page"}],"author":[{"embeddable":true,"href":"https:\/\/www.forw-log.com\/en\/wp-json\/wp\/v2\/users\/1"}],"replies":[{"embeddable":true,"href":"https:\/\/www.forw-log.com\/en\/wp-json\/wp\/v2\/comments?post=1965"}],"version-history":[{"count":8,"href":"https:\/\/www.forw-log.com\/en\/wp-json\/wp\/v2\/pages\/1965\/revisions"}],"predecessor-version":[{"id":2344,"href":"https:\/\/www.forw-log.com\/en\/wp-json\/wp\/v2\/pages\/1965\/revisions\/2344"}],"wp:attachment":[{"href":"https:\/\/www.forw-log.com\/en\/wp-json\/wp\/v2\/media?parent=1965"}],"curies":[{"name":"wp","href":"https:\/\/api.w.org\/{rel}","templated":true}]}}